{"id":107001,"date":"2025-01-20T06:51:07","date_gmt":"2025-01-20T09:51:07","guid":{"rendered":"https:\/\/estiloromano.smartjoias.com.br\/escolhas\/shop\/uncategorized\/sabonete-corpo-e-rosto-morango-acido-hialuronico-145g-poran\/"},"modified":"2025-03-24T20:10:48","modified_gmt":"2025-03-24T23:10:48","slug":"sabonete-corpo-e-rosto-morango-acido-hialuronico-145g-poran","status":"publish","type":"product","link":"https:\/\/estiloromano.smartjoias.com.br\/escolhas\/shop\/sem-categoria\/sabonete-corpo-e-rosto-morango-acido-hialuronico-145g-poran\/","title":{"rendered":"Sabonete Corpo e Rosto &#8211; Morango + \u00c1cido Hialur\u00f4nico 145g &#8211; Poran"},"content":{"rendered":"<p>Sabonete Corpo e Rosto &#8211; Morango + \u00c1cido Hialur\u00f4nico 145g &#8211; Poran<\/p>\n","protected":false},"excerpt":{"rendered":"<p>Sabonete Corpo e Rosto &#8211; Morango + \u00c1cido Hialur\u00f4nico 145g &#8211; Poran<\/p>\n","protected":false},"featured_media":0,"template":"","meta":[],"product_cat":[2480],"product_tag":[],"class_list":{"0":"post-107001","1":"product","2":"type-product","3":"status-publish","5":"product_cat-sem-categoria","7":"first","8":"instock","9":"shipping-taxable","10":"purchasable","11":"product-type-simple"},"_links":{"self":[{"href":"https:\/\/estiloromano.smartjoias.com.br\/escolhas\/wp-json\/wp\/v2\/product\/107001","targetHints":{"allow":["GET"]}}],"collection":[{"href":"https:\/\/estiloromano.smartjoias.com.br\/escolhas\/wp-json\/wp\/v2\/product"}],"about":[{"href":"https:\/\/estiloromano.smartjoias.com.br\/escolhas\/wp-json\/wp\/v2\/types\/product"}],"wp:attachment":[{"href":"https:\/\/estiloromano.smartjoias.com.br\/escolhas\/wp-json\/wp\/v2\/media?parent=107001"}],"wp:term":[{"taxonomy":"product_cat","embeddable":true,"href":"https:\/\/estiloromano.smartjoias.com.br\/escolhas\/wp-json\/wp\/v2\/product_cat?post=107001"},{"taxonomy":"product_tag","embeddable":true,"href":"https:\/\/estiloromano.smartjoias.com.br\/escolhas\/wp-json\/wp\/v2\/product_tag?post=107001"}],"curies":[{"name":"wp","href":"https:\/\/api.w.org\/{rel}","templated":true}]}}