{"id":107022,"date":"2025-01-25T09:41:38","date_gmt":"2025-01-25T12:41:38","guid":{"rendered":"https:\/\/estiloromano.smartjoias.com.br\/escolhas\/shop\/uncategorized\/brinco-flor-cravejada-com-micro-zirconias-banhado-a-rodio-branco\/"},"modified":"2025-03-24T20:09:21","modified_gmt":"2025-03-24T23:09:21","slug":"brinco-flor-cravejada-com-micro-zirconias-banhado-a-rodio-branco","status":"publish","type":"product","link":"https:\/\/estiloromano.smartjoias.com.br\/escolhas\/shop\/sem-categoria\/brinco-flor-cravejada-com-micro-zirconias-banhado-a-rodio-branco\/","title":{"rendered":"Brinco Flor Cravejada com Micro-Zirc\u00f4nias Banhado a R\u00f3dio Branco"},"content":{"rendered":"<p>Brinco Flor Cravejada com Micro-Zirc\u00f4nias Banhado a R\u00f3dio Branco<\/p>\n","protected":false},"excerpt":{"rendered":"<p>Brinco Flor Cravejada com Micro-Zirc\u00f4nias Banhado a R\u00f3dio Branco<\/p>\n","protected":false},"featured_media":107146,"template":"","meta":[],"product_cat":[2480],"product_tag":[],"class_list":{"0":"post-107022","1":"product","2":"type-product","3":"status-publish","4":"has-post-thumbnail","6":"product_cat-sem-categoria","8":"first","9":"instock","10":"shipping-taxable","11":"purchasable","12":"product-type-simple"},"fifu_image_url":"https:\/\/orgbling.s3.amazonaws.com\/25e28644d5bc765187a98d9415eab57d\/3bd3974564db1cdada020e23555756fb?AWSAccessKeyId=AKIATCLMSGFX4J7TU445&Expires=1743462556&Signature=jRCcYXtW7x8dtiOebNGX4hS2w1k%3D","_links":{"self":[{"href":"https:\/\/estiloromano.smartjoias.com.br\/escolhas\/wp-json\/wp\/v2\/product\/107022","targetHints":{"allow":["GET"]}}],"collection":[{"href":"https:\/\/estiloromano.smartjoias.com.br\/escolhas\/wp-json\/wp\/v2\/product"}],"about":[{"href":"https:\/\/estiloromano.smartjoias.com.br\/escolhas\/wp-json\/wp\/v2\/types\/product"}],"wp:featuredmedia":[{"embeddable":true,"href":"https:\/\/estiloromano.smartjoias.com.br\/escolhas\/wp-json\/wp\/v2\/media\/107146"}],"wp:attachment":[{"href":"https:\/\/estiloromano.smartjoias.com.br\/escolhas\/wp-json\/wp\/v2\/media?parent=107022"}],"wp:term":[{"taxonomy":"product_cat","embeddable":true,"href":"https:\/\/estiloromano.smartjoias.com.br\/escolhas\/wp-json\/wp\/v2\/product_cat?post=107022"},{"taxonomy":"product_tag","embeddable":true,"href":"https:\/\/estiloromano.smartjoias.com.br\/escolhas\/wp-json\/wp\/v2\/product_tag?post=107022"}],"curies":[{"name":"wp","href":"https:\/\/api.w.org\/{rel}","templated":true}]}}