{"id":107026,"date":"2025-01-25T09:41:52","date_gmt":"2025-01-25T12:41:52","guid":{"rendered":"https:\/\/estiloromano.smartjoias.com.br\/escolhas\/shop\/uncategorized\/bracelete-trevo-branco-e-verde-com-zirconia-em-aco-banhado-a-rodio-branco\/"},"modified":"2025-03-24T20:09:31","modified_gmt":"2025-03-24T23:09:31","slug":"bracelete-trevo-branco-e-verde-com-zirconia-em-aco-banhado-a-rodio-branco","status":"publish","type":"product","link":"https:\/\/estiloromano.smartjoias.com.br\/escolhas\/shop\/sem-categoria\/bracelete-trevo-branco-e-verde-com-zirconia-em-aco-banhado-a-rodio-branco\/","title":{"rendered":"Bracelete Trevo Branco e Verde com Zirc\u00f4nia em A\u00e7o Banhado a R\u00f3dio Branco"},"content":{"rendered":"<p>Bracelete Trevo Branco e Verde com Zirc\u00f4nia em A\u00e7o<\/p>\n","protected":false},"excerpt":{"rendered":"<p>Bracelete Trevo Branco e Verde com Zirc\u00f4nia em A\u00e7o<\/p>\n","protected":false},"featured_media":107064,"template":"","meta":[],"product_cat":[2480],"product_tag":[],"class_list":{"0":"post-107026","1":"product","2":"type-product","3":"status-publish","4":"has-post-thumbnail","6":"product_cat-sem-categoria","8":"first","9":"instock","10":"shipping-taxable","11":"purchasable","12":"product-type-simple"},"fifu_image_url":"https:\/\/orgbling.s3.amazonaws.com\/25e28644d5bc765187a98d9415eab57d\/45f639d471afec377f0a1c59a7d074a2?AWSAccessKeyId=AKIATCLMSGFX4J7TU445&Expires=1743462556&Signature=t9Bi9XqA8nrbUUDyva6VwBx0ZbA%3D","_links":{"self":[{"href":"https:\/\/estiloromano.smartjoias.com.br\/escolhas\/wp-json\/wp\/v2\/product\/107026","targetHints":{"allow":["GET"]}}],"collection":[{"href":"https:\/\/estiloromano.smartjoias.com.br\/escolhas\/wp-json\/wp\/v2\/product"}],"about":[{"href":"https:\/\/estiloromano.smartjoias.com.br\/escolhas\/wp-json\/wp\/v2\/types\/product"}],"wp:featuredmedia":[{"embeddable":true,"href":"https:\/\/estiloromano.smartjoias.com.br\/escolhas\/wp-json\/wp\/v2\/media\/107064"}],"wp:attachment":[{"href":"https:\/\/estiloromano.smartjoias.com.br\/escolhas\/wp-json\/wp\/v2\/media?parent=107026"}],"wp:term":[{"taxonomy":"product_cat","embeddable":true,"href":"https:\/\/estiloromano.smartjoias.com.br\/escolhas\/wp-json\/wp\/v2\/product_cat?post=107026"},{"taxonomy":"product_tag","embeddable":true,"href":"https:\/\/estiloromano.smartjoias.com.br\/escolhas\/wp-json\/wp\/v2\/product_tag?post=107026"}],"curies":[{"name":"wp","href":"https:\/\/api.w.org\/{rel}","templated":true}]}}