{"id":107032,"date":"2025-01-25T09:42:13","date_gmt":"2025-01-25T12:42:13","guid":{"rendered":"https:\/\/estiloromano.smartjoias.com.br\/escolhas\/shop\/uncategorized\/pulseira-trevos-verdes-em-aco-banhado-a-rodio-branco\/"},"modified":"2025-03-24T20:09:46","modified_gmt":"2025-03-24T23:09:46","slug":"pulseira-trevos-verdes-em-aco-banhado-a-rodio-branco","status":"publish","type":"product","link":"https:\/\/estiloromano.smartjoias.com.br\/escolhas\/shop\/sem-categoria\/pulseira-trevos-verdes-em-aco-banhado-a-rodio-branco\/","title":{"rendered":"Pulseira Trevos Verdes em A\u00e7o Banhado a R\u00f3dio Branco"},"content":{"rendered":"<p>Pulseira Trevos Verdes em A\u00e7o Banhado a R\u00f3dio Branco<\/p>\n","protected":false},"excerpt":{"rendered":"<p>Pulseira Trevos Verdes em A\u00e7o Banhado a R\u00f3dio Branco<\/p>\n","protected":false},"featured_media":107100,"template":"","meta":[],"product_cat":[2480],"product_tag":[],"class_list":{"0":"post-107032","1":"product","2":"type-product","3":"status-publish","4":"has-post-thumbnail","6":"product_cat-sem-categoria","8":"first","9":"instock","10":"shipping-taxable","11":"purchasable","12":"product-type-simple"},"fifu_image_url":"https:\/\/orgbling.s3.amazonaws.com\/25e28644d5bc765187a98d9415eab57d\/6be408539001838d41f955bc33d305e0?AWSAccessKeyId=AKIATCLMSGFX4J7TU445&Expires=1743462556&Signature=%2Fxk5W38qQQYIFqDYKUshetqpMSk%3D","_links":{"self":[{"href":"https:\/\/estiloromano.smartjoias.com.br\/escolhas\/wp-json\/wp\/v2\/product\/107032","targetHints":{"allow":["GET"]}}],"collection":[{"href":"https:\/\/estiloromano.smartjoias.com.br\/escolhas\/wp-json\/wp\/v2\/product"}],"about":[{"href":"https:\/\/estiloromano.smartjoias.com.br\/escolhas\/wp-json\/wp\/v2\/types\/product"}],"wp:featuredmedia":[{"embeddable":true,"href":"https:\/\/estiloromano.smartjoias.com.br\/escolhas\/wp-json\/wp\/v2\/media\/107100"}],"wp:attachment":[{"href":"https:\/\/estiloromano.smartjoias.com.br\/escolhas\/wp-json\/wp\/v2\/media?parent=107032"}],"wp:term":[{"taxonomy":"product_cat","embeddable":true,"href":"https:\/\/estiloromano.smartjoias.com.br\/escolhas\/wp-json\/wp\/v2\/product_cat?post=107032"},{"taxonomy":"product_tag","embeddable":true,"href":"https:\/\/estiloromano.smartjoias.com.br\/escolhas\/wp-json\/wp\/v2\/product_tag?post=107032"}],"curies":[{"name":"wp","href":"https:\/\/api.w.org\/{rel}","templated":true}]}}