{"id":107056,"date":"2025-02-01T10:48:30","date_gmt":"2025-02-01T13:48:30","guid":{"rendered":"https:\/\/estiloromano.smartjoias.com.br\/escolhas\/shop\/uncategorized\/piercing-nostril-ponto-de-luz-coracao-em-aco\/"},"modified":"2025-03-24T20:08:22","modified_gmt":"2025-03-24T23:08:22","slug":"piercing-nostril-ponto-de-luz-coracao-em-aco","status":"publish","type":"product","link":"https:\/\/estiloromano.smartjoias.com.br\/escolhas\/shop\/sem-categoria\/piercing-nostril-ponto-de-luz-coracao-em-aco\/","title":{"rendered":"Piercing Nostril Ponto de Luz Cora\u00e7\u00e3o em A\u00e7o"},"content":{"rendered":"<p>Piercing Nostril Ponto de Luz Cora\u00e7\u00e3o em A\u00e7o<\/p>\n","protected":false},"excerpt":{"rendered":"<p>Piercing Nostril Ponto de Luz Cora\u00e7\u00e3o em A\u00e7o<\/p>\n","protected":false},"featured_media":107073,"template":"","meta":[],"product_cat":[2480],"product_tag":[],"class_list":{"0":"post-107056","1":"product","2":"type-product","3":"status-publish","4":"has-post-thumbnail","6":"product_cat-sem-categoria","8":"first","9":"instock","10":"shipping-taxable","11":"purchasable","12":"product-type-simple"},"fifu_image_url":"https:\/\/orgbling.s3.amazonaws.com\/25e28644d5bc765187a98d9415eab57d\/e531a7ac9326c06d558446d06437a856?AWSAccessKeyId=AKIATCLMSGFX4J7TU445&Expires=1743462299&Signature=24HXk5pkd45HW2eB2DQnNh7bUO4%3D","_links":{"self":[{"href":"https:\/\/estiloromano.smartjoias.com.br\/escolhas\/wp-json\/wp\/v2\/product\/107056","targetHints":{"allow":["GET"]}}],"collection":[{"href":"https:\/\/estiloromano.smartjoias.com.br\/escolhas\/wp-json\/wp\/v2\/product"}],"about":[{"href":"https:\/\/estiloromano.smartjoias.com.br\/escolhas\/wp-json\/wp\/v2\/types\/product"}],"wp:featuredmedia":[{"embeddable":true,"href":"https:\/\/estiloromano.smartjoias.com.br\/escolhas\/wp-json\/wp\/v2\/media\/107073"}],"wp:attachment":[{"href":"https:\/\/estiloromano.smartjoias.com.br\/escolhas\/wp-json\/wp\/v2\/media?parent=107056"}],"wp:term":[{"taxonomy":"product_cat","embeddable":true,"href":"https:\/\/estiloromano.smartjoias.com.br\/escolhas\/wp-json\/wp\/v2\/product_cat?post=107056"},{"taxonomy":"product_tag","embeddable":true,"href":"https:\/\/estiloromano.smartjoias.com.br\/escolhas\/wp-json\/wp\/v2\/product_tag?post=107056"}],"curies":[{"name":"wp","href":"https:\/\/api.w.org\/{rel}","templated":true}]}}