{"id":107060,"date":"2025-02-01T10:48:40","date_gmt":"2025-02-01T13:48:40","guid":{"rendered":"https:\/\/estiloromano.smartjoias.com.br\/escolhas\/shop\/uncategorized\/piercing-argolinha-trancada-cravejada-aco\/"},"modified":"2025-03-24T20:08:31","modified_gmt":"2025-03-24T23:08:31","slug":"piercing-argolinha-trancada-cravejada-aco","status":"publish","type":"product","link":"https:\/\/estiloromano.smartjoias.com.br\/escolhas\/shop\/sem-categoria\/piercing-argolinha-trancada-cravejada-aco\/","title":{"rendered":"Piercing Argolinha Tran\u00e7ada Cravejada A\u00e7o"},"content":{"rendered":"<p>Piercing Argolinha Tran\u00e7ada Cravejada A\u00e7o<\/p>\n","protected":false},"excerpt":{"rendered":"<p>Piercing Argolinha Tran\u00e7ada Cravejada A\u00e7o<\/p>\n","protected":false},"featured_media":107077,"template":"","meta":[],"product_cat":[2480],"product_tag":[],"class_list":{"0":"post-107060","1":"product","2":"type-product","3":"status-publish","4":"has-post-thumbnail","6":"product_cat-sem-categoria","8":"first","9":"instock","10":"shipping-taxable","11":"purchasable","12":"product-type-simple"},"fifu_image_url":"https:\/\/orgbling.s3.amazonaws.com\/25e28644d5bc765187a98d9415eab57d\/14f305523e3f68bc4cf7aeac09e79c17?AWSAccessKeyId=AKIATCLMSGFX4J7TU445&Expires=1743462299&Signature=6JMPo5LULPVrdB%2FQCMZesUP3HKA%3D","_links":{"self":[{"href":"https:\/\/estiloromano.smartjoias.com.br\/escolhas\/wp-json\/wp\/v2\/product\/107060","targetHints":{"allow":["GET"]}}],"collection":[{"href":"https:\/\/estiloromano.smartjoias.com.br\/escolhas\/wp-json\/wp\/v2\/product"}],"about":[{"href":"https:\/\/estiloromano.smartjoias.com.br\/escolhas\/wp-json\/wp\/v2\/types\/product"}],"wp:featuredmedia":[{"embeddable":true,"href":"https:\/\/estiloromano.smartjoias.com.br\/escolhas\/wp-json\/wp\/v2\/media\/107077"}],"wp:attachment":[{"href":"https:\/\/estiloromano.smartjoias.com.br\/escolhas\/wp-json\/wp\/v2\/media?parent=107060"}],"wp:term":[{"taxonomy":"product_cat","embeddable":true,"href":"https:\/\/estiloromano.smartjoias.com.br\/escolhas\/wp-json\/wp\/v2\/product_cat?post=107060"},{"taxonomy":"product_tag","embeddable":true,"href":"https:\/\/estiloromano.smartjoias.com.br\/escolhas\/wp-json\/wp\/v2\/product_tag?post=107060"}],"curies":[{"name":"wp","href":"https:\/\/api.w.org\/{rel}","templated":true}]}}