{"id":107090,"date":"2025-02-17T10:03:52","date_gmt":"2025-02-17T13:03:52","guid":{"rendered":"https:\/\/estiloromano.smartjoias.com.br\/escolhas\/shop\/uncategorized\/brinco-zirconia-cristal-triangulo-6mm-banhado-a-prata\/"},"modified":"2025-03-24T20:08:07","modified_gmt":"2025-03-24T23:08:07","slug":"brinco-zirconia-cristal-triangulo-6mm-banhado-a-prata","status":"publish","type":"product","link":"https:\/\/estiloromano.smartjoias.com.br\/escolhas\/shop\/sem-categoria\/brinco-zirconia-cristal-triangulo-6mm-banhado-a-prata\/","title":{"rendered":"Brinco Zirc\u00f4nia Cristal Tri\u00e2ngulo 6mm &#8211; Banhado a Prata"},"content":{"rendered":"<p>Brinco Zirc\u00f4nia Cristal Tri\u00e2ngulo 6mm &#8211; Banhado a Prata<\/p>\n","protected":false},"excerpt":{"rendered":"<p>Brinco Zirc\u00f4nia Cristal Tri\u00e2ngulo 6mm &#8211; Banhado a Prata<\/p>\n","protected":false},"featured_media":0,"template":"","meta":[],"product_cat":[2480],"product_tag":[],"class_list":{"0":"post-107090","1":"product","2":"type-product","3":"status-publish","5":"product_cat-sem-categoria","7":"first","8":"instock","9":"shipping-taxable","10":"purchasable","11":"product-type-simple"},"_links":{"self":[{"href":"https:\/\/estiloromano.smartjoias.com.br\/escolhas\/wp-json\/wp\/v2\/product\/107090","targetHints":{"allow":["GET"]}}],"collection":[{"href":"https:\/\/estiloromano.smartjoias.com.br\/escolhas\/wp-json\/wp\/v2\/product"}],"about":[{"href":"https:\/\/estiloromano.smartjoias.com.br\/escolhas\/wp-json\/wp\/v2\/types\/product"}],"wp:attachment":[{"href":"https:\/\/estiloromano.smartjoias.com.br\/escolhas\/wp-json\/wp\/v2\/media?parent=107090"}],"wp:term":[{"taxonomy":"product_cat","embeddable":true,"href":"https:\/\/estiloromano.smartjoias.com.br\/escolhas\/wp-json\/wp\/v2\/product_cat?post=107090"},{"taxonomy":"product_tag","embeddable":true,"href":"https:\/\/estiloromano.smartjoias.com.br\/escolhas\/wp-json\/wp\/v2\/product_tag?post=107090"}],"curies":[{"name":"wp","href":"https:\/\/api.w.org\/{rel}","templated":true}]}}