{"id":107112,"date":"2025-02-17T22:49:55","date_gmt":"2025-02-18T01:49:55","guid":{"rendered":"https:\/\/estiloromano.smartjoias.com.br\/escolhas\/shop\/uncategorized\/pulseira-masculina-agata-preta-e-vulcanica-com-pingente-cruz\/"},"modified":"2025-03-24T20:06:47","modified_gmt":"2025-03-24T23:06:47","slug":"pulseira-masculina-agata-preta-e-vulcanica-com-pingente-cruz","status":"publish","type":"product","link":"https:\/\/estiloromano.smartjoias.com.br\/escolhas\/shop\/sem-categoria\/pulseira-masculina-agata-preta-e-vulcanica-com-pingente-cruz\/","title":{"rendered":"Pulseira Masculina \u00c1gata Preta e Vulc\u00e2nica com Pingente Cruz"},"content":{"rendered":"<p>Pulseira Masculina \u00c1gata Preta e Vulc\u00e2nica com Pingente Cruz<\/p>\n","protected":false},"excerpt":{"rendered":"<p>Pulseira Masculina \u00c1gata Preta e Vulc\u00e2nica com Pingente Cruz<\/p>\n","protected":false},"featured_media":107152,"template":"","meta":[],"product_cat":[2480],"product_tag":[],"class_list":{"0":"post-107112","1":"product","2":"type-product","3":"status-publish","4":"has-post-thumbnail","6":"product_cat-sem-categoria","8":"first","9":"instock","10":"shipping-taxable","11":"purchasable","12":"product-type-simple"},"fifu_image_url":"https:\/\/orgbling.s3.amazonaws.com\/25e28644d5bc765187a98d9415eab57d\/c3d9ca4eef0a3eb9848c7c5110a5d896?AWSAccessKeyId=AKIATCLMSGFX4J7TU445&Expires=1743462299&Signature=hdoOd3Ii9kkThyXm3u0CZLwhnIY%3D","_links":{"self":[{"href":"https:\/\/estiloromano.smartjoias.com.br\/escolhas\/wp-json\/wp\/v2\/product\/107112","targetHints":{"allow":["GET"]}}],"collection":[{"href":"https:\/\/estiloromano.smartjoias.com.br\/escolhas\/wp-json\/wp\/v2\/product"}],"about":[{"href":"https:\/\/estiloromano.smartjoias.com.br\/escolhas\/wp-json\/wp\/v2\/types\/product"}],"wp:featuredmedia":[{"embeddable":true,"href":"https:\/\/estiloromano.smartjoias.com.br\/escolhas\/wp-json\/wp\/v2\/media\/107152"}],"wp:attachment":[{"href":"https:\/\/estiloromano.smartjoias.com.br\/escolhas\/wp-json\/wp\/v2\/media?parent=107112"}],"wp:term":[{"taxonomy":"product_cat","embeddable":true,"href":"https:\/\/estiloromano.smartjoias.com.br\/escolhas\/wp-json\/wp\/v2\/product_cat?post=107112"},{"taxonomy":"product_tag","embeddable":true,"href":"https:\/\/estiloromano.smartjoias.com.br\/escolhas\/wp-json\/wp\/v2\/product_tag?post=107112"}],"curies":[{"name":"wp","href":"https:\/\/api.w.org\/{rel}","templated":true}]}}