{"id":107115,"date":"2025-02-17T22:50:06","date_gmt":"2025-02-18T01:50:06","guid":{"rendered":"https:\/\/estiloromano.smartjoias.com.br\/escolhas\/shop\/uncategorized\/conjunto-coracao-verde-esmeralda-banhado-a-ouro\/"},"modified":"2025-03-24T20:06:54","modified_gmt":"2025-03-24T23:06:54","slug":"conjunto-coracao-verde-esmeralda-banhado-a-ouro","status":"publish","type":"product","link":"https:\/\/estiloromano.smartjoias.com.br\/escolhas\/shop\/sem-categoria\/conjunto-coracao-verde-esmeralda-banhado-a-ouro\/","title":{"rendered":"Conjunto Cora\u00e7\u00e3o Verde Esmeralda Banhado a Ouro"},"content":{"rendered":"<p>Conjunto Cora\u00e7\u00e3o Verde Esmeralda Banhado a Ouro<\/p>\n","protected":false},"excerpt":{"rendered":"<p>Conjunto Cora\u00e7\u00e3o Verde Esmeralda Banhado a Ouro<\/p>\n","protected":false},"featured_media":0,"template":"","meta":[],"product_cat":[2480],"product_tag":[],"class_list":{"0":"post-107115","1":"product","2":"type-product","3":"status-publish","5":"product_cat-sem-categoria","7":"first","8":"instock","9":"shipping-taxable","10":"purchasable","11":"product-type-simple"},"_links":{"self":[{"href":"https:\/\/estiloromano.smartjoias.com.br\/escolhas\/wp-json\/wp\/v2\/product\/107115","targetHints":{"allow":["GET"]}}],"collection":[{"href":"https:\/\/estiloromano.smartjoias.com.br\/escolhas\/wp-json\/wp\/v2\/product"}],"about":[{"href":"https:\/\/estiloromano.smartjoias.com.br\/escolhas\/wp-json\/wp\/v2\/types\/product"}],"wp:attachment":[{"href":"https:\/\/estiloromano.smartjoias.com.br\/escolhas\/wp-json\/wp\/v2\/media?parent=107115"}],"wp:term":[{"taxonomy":"product_cat","embeddable":true,"href":"https:\/\/estiloromano.smartjoias.com.br\/escolhas\/wp-json\/wp\/v2\/product_cat?post=107115"},{"taxonomy":"product_tag","embeddable":true,"href":"https:\/\/estiloromano.smartjoias.com.br\/escolhas\/wp-json\/wp\/v2\/product_tag?post=107115"}],"curies":[{"name":"wp","href":"https:\/\/api.w.org\/{rel}","templated":true}]}}