{"id":107118,"date":"2025-02-17T22:50:13","date_gmt":"2025-02-18T01:50:13","guid":{"rendered":"https:\/\/estiloromano.smartjoias.com.br\/escolhas\/shop\/uncategorized\/pulseira-infantil-coracoes-pendentes-banhado-a-ouro\/"},"modified":"2025-03-24T20:06:59","modified_gmt":"2025-03-24T23:06:59","slug":"pulseira-infantil-coracoes-pendentes-banhado-a-ouro","status":"publish","type":"product","link":"https:\/\/estiloromano.smartjoias.com.br\/escolhas\/shop\/sem-categoria\/pulseira-infantil-coracoes-pendentes-banhado-a-ouro\/","title":{"rendered":"Pulseira Infantil Cora\u00e7\u00f5es Pendentes &#8211; Banhado a Ouro"},"content":{"rendered":"<p>Pulseira Infantil Cora\u00e7\u00f5es Pendentes &#8211; Banhado a Ouro<\/p>\n","protected":false},"excerpt":{"rendered":"<p>Pulseira Infantil Cora\u00e7\u00f5es Pendentes &#8211; Banhado a Ouro<\/p>\n","protected":false},"featured_media":107297,"template":"","meta":[],"product_cat":[2480],"product_tag":[],"class_list":{"0":"post-107118","1":"product","2":"type-product","3":"status-publish","4":"has-post-thumbnail","6":"product_cat-sem-categoria","8":"first","9":"instock","10":"shipping-taxable","11":"purchasable","12":"product-type-simple"},"fifu_image_url":"https:\/\/orgbling.s3.amazonaws.com\/25e28644d5bc765187a98d9415eab57d\/49231c6b7ac5fbda1f62a298036deef3?AWSAccessKeyId=AKIATCLMSGFX4J7TU445&Expires=1743462299&Signature=d2P6IPPij9TqyMMPStbuzOiQkio%3D","_links":{"self":[{"href":"https:\/\/estiloromano.smartjoias.com.br\/escolhas\/wp-json\/wp\/v2\/product\/107118","targetHints":{"allow":["GET"]}}],"collection":[{"href":"https:\/\/estiloromano.smartjoias.com.br\/escolhas\/wp-json\/wp\/v2\/product"}],"about":[{"href":"https:\/\/estiloromano.smartjoias.com.br\/escolhas\/wp-json\/wp\/v2\/types\/product"}],"wp:featuredmedia":[{"embeddable":true,"href":"https:\/\/estiloromano.smartjoias.com.br\/escolhas\/wp-json\/wp\/v2\/media\/107297"}],"wp:attachment":[{"href":"https:\/\/estiloromano.smartjoias.com.br\/escolhas\/wp-json\/wp\/v2\/media?parent=107118"}],"wp:term":[{"taxonomy":"product_cat","embeddable":true,"href":"https:\/\/estiloromano.smartjoias.com.br\/escolhas\/wp-json\/wp\/v2\/product_cat?post=107118"},{"taxonomy":"product_tag","embeddable":true,"href":"https:\/\/estiloromano.smartjoias.com.br\/escolhas\/wp-json\/wp\/v2\/product_tag?post=107118"}],"curies":[{"name":"wp","href":"https:\/\/api.w.org\/{rel}","templated":true}]}}