{"id":107130,"date":"2025-02-17T22:50:45","date_gmt":"2025-02-18T01:50:45","guid":{"rendered":"https:\/\/estiloromano.smartjoias.com.br\/escolhas\/shop\/uncategorized\/brinco-coracao-cravejado-ponto-de-luz-banhado-a-ouro\/"},"modified":"2025-03-24T20:07:31","modified_gmt":"2025-03-24T23:07:31","slug":"brinco-coracao-cravejado-ponto-de-luz-banhado-a-ouro","status":"publish","type":"product","link":"https:\/\/estiloromano.smartjoias.com.br\/escolhas\/shop\/sem-categoria\/brinco-coracao-cravejado-ponto-de-luz-banhado-a-ouro\/","title":{"rendered":"Brinco Cora\u00e7\u00e3o Cravejado Ponto de Luz Banhado a Ouro"},"content":{"rendered":"<p>Brinco Cora\u00e7\u00e3o Cravejado Ponto de Luz Banhado a Ouro<\/p>\n","protected":false},"excerpt":{"rendered":"<p>Brinco Cora\u00e7\u00e3o Cravejado Ponto de Luz Banhado a Ouro<\/p>\n","protected":false},"featured_media":107131,"template":"","meta":[],"product_cat":[2480],"product_tag":[],"class_list":{"0":"post-107130","1":"product","2":"type-product","3":"status-publish","4":"has-post-thumbnail","6":"product_cat-sem-categoria","8":"first","9":"instock","10":"shipping-taxable","11":"purchasable","12":"product-type-simple"},"fifu_image_url":"https:\/\/orgbling.s3.amazonaws.com\/25e28644d5bc765187a98d9415eab57d\/4c875bb1012d5e9b6e74465d924b1296?AWSAccessKeyId=AKIATCLMSGFX4J7TU445&Expires=1743462299&Signature=HKoJVUxkcq0ov4exBOU9MWVCAbw%3D","_links":{"self":[{"href":"https:\/\/estiloromano.smartjoias.com.br\/escolhas\/wp-json\/wp\/v2\/product\/107130","targetHints":{"allow":["GET"]}}],"collection":[{"href":"https:\/\/estiloromano.smartjoias.com.br\/escolhas\/wp-json\/wp\/v2\/product"}],"about":[{"href":"https:\/\/estiloromano.smartjoias.com.br\/escolhas\/wp-json\/wp\/v2\/types\/product"}],"wp:featuredmedia":[{"embeddable":true,"href":"https:\/\/estiloromano.smartjoias.com.br\/escolhas\/wp-json\/wp\/v2\/media\/107131"}],"wp:attachment":[{"href":"https:\/\/estiloromano.smartjoias.com.br\/escolhas\/wp-json\/wp\/v2\/media?parent=107130"}],"wp:term":[{"taxonomy":"product_cat","embeddable":true,"href":"https:\/\/estiloromano.smartjoias.com.br\/escolhas\/wp-json\/wp\/v2\/product_cat?post=107130"},{"taxonomy":"product_tag","embeddable":true,"href":"https:\/\/estiloromano.smartjoias.com.br\/escolhas\/wp-json\/wp\/v2\/product_tag?post=107130"}],"curies":[{"name":"wp","href":"https:\/\/api.w.org\/{rel}","templated":true}]}}