{"id":107157,"date":"2025-02-20T01:59:37","date_gmt":"2025-02-20T04:59:37","guid":{"rendered":"https:\/\/estiloromano.smartjoias.com.br\/escolhas\/shop\/uncategorized\/pulseira-dupla-chapeada-e-elos-coracoes-banhada-a-prata\/"},"modified":"2025-03-24T20:06:09","modified_gmt":"2025-03-24T23:06:09","slug":"pulseira-dupla-chapeada-e-elos-coracoes-banhada-a-prata","status":"publish","type":"product","link":"https:\/\/estiloromano.smartjoias.com.br\/escolhas\/shop\/sem-categoria\/pulseira-dupla-chapeada-e-elos-coracoes-banhada-a-prata\/","title":{"rendered":"Pulseira Dupla Chapeada e Elos Cora\u00e7\u00f5es Banhada a Prata"},"content":{"rendered":"<p>Pulseira Dupla Chapeada e Elos Cora\u00e7\u00f5es Banhada a Prata<\/p>\n","protected":false},"excerpt":{"rendered":"<p>Pulseira Dupla Chapeada e Elos Cora\u00e7\u00f5es Banhada a Prata<\/p>\n","protected":false},"featured_media":0,"template":"","meta":[],"product_cat":[2480],"product_tag":[],"class_list":{"0":"post-107157","1":"product","2":"type-product","3":"status-publish","5":"product_cat-sem-categoria","7":"first","8":"instock","9":"shipping-taxable","10":"purchasable","11":"product-type-simple"},"_links":{"self":[{"href":"https:\/\/estiloromano.smartjoias.com.br\/escolhas\/wp-json\/wp\/v2\/product\/107157","targetHints":{"allow":["GET"]}}],"collection":[{"href":"https:\/\/estiloromano.smartjoias.com.br\/escolhas\/wp-json\/wp\/v2\/product"}],"about":[{"href":"https:\/\/estiloromano.smartjoias.com.br\/escolhas\/wp-json\/wp\/v2\/types\/product"}],"wp:attachment":[{"href":"https:\/\/estiloromano.smartjoias.com.br\/escolhas\/wp-json\/wp\/v2\/media?parent=107157"}],"wp:term":[{"taxonomy":"product_cat","embeddable":true,"href":"https:\/\/estiloromano.smartjoias.com.br\/escolhas\/wp-json\/wp\/v2\/product_cat?post=107157"},{"taxonomy":"product_tag","embeddable":true,"href":"https:\/\/estiloromano.smartjoias.com.br\/escolhas\/wp-json\/wp\/v2\/product_tag?post=107157"}],"curies":[{"name":"wp","href":"https:\/\/api.w.org\/{rel}","templated":true}]}}