{"id":107217,"date":"2025-02-24T23:38:48","date_gmt":"2025-02-25T02:38:48","guid":{"rendered":"https:\/\/estiloromano.smartjoias.com.br\/escolhas\/shop\/uncategorized\/brinco-infantil-coracao-zirconia-com-tarraxa-baby-prata-925\/"},"modified":"2025-03-24T20:03:51","modified_gmt":"2025-03-24T23:03:51","slug":"brinco-infantil-coracao-zirconia-com-tarraxa-baby-prata-925","status":"publish","type":"product","link":"https:\/\/estiloromano.smartjoias.com.br\/escolhas\/shop\/sem-categoria\/brinco-infantil-coracao-zirconia-com-tarraxa-baby-prata-925\/","title":{"rendered":"Brinco Infantil Cora\u00e7\u00e3o Zirc\u00f4nia com Tarraxa Baby Prata 925"},"content":{"rendered":"<p>Brinco Infantil Cora\u00e7\u00e3o Zirc\u00f4nia com Tarraxa Baby Prata 925<\/p>\n","protected":false},"excerpt":{"rendered":"<p>Brinco Infantil Cora\u00e7\u00e3o Zirc\u00f4nia com Tarraxa Baby Prata 925<\/p>\n","protected":false},"featured_media":0,"template":"","meta":[],"product_cat":[2480],"product_tag":[],"class_list":{"0":"post-107217","1":"product","2":"type-product","3":"status-publish","5":"product_cat-sem-categoria","7":"first","8":"instock","9":"shipping-taxable","10":"purchasable","11":"product-type-simple"},"_links":{"self":[{"href":"https:\/\/estiloromano.smartjoias.com.br\/escolhas\/wp-json\/wp\/v2\/product\/107217","targetHints":{"allow":["GET"]}}],"collection":[{"href":"https:\/\/estiloromano.smartjoias.com.br\/escolhas\/wp-json\/wp\/v2\/product"}],"about":[{"href":"https:\/\/estiloromano.smartjoias.com.br\/escolhas\/wp-json\/wp\/v2\/types\/product"}],"wp:attachment":[{"href":"https:\/\/estiloromano.smartjoias.com.br\/escolhas\/wp-json\/wp\/v2\/media?parent=107217"}],"wp:term":[{"taxonomy":"product_cat","embeddable":true,"href":"https:\/\/estiloromano.smartjoias.com.br\/escolhas\/wp-json\/wp\/v2\/product_cat?post=107217"},{"taxonomy":"product_tag","embeddable":true,"href":"https:\/\/estiloromano.smartjoias.com.br\/escolhas\/wp-json\/wp\/v2\/product_tag?post=107217"}],"curies":[{"name":"wp","href":"https:\/\/api.w.org\/{rel}","templated":true}]}}