{"id":107226,"date":"2025-02-24T23:39:07","date_gmt":"2025-02-25T02:39:07","guid":{"rendered":"https:\/\/estiloromano.smartjoias.com.br\/escolhas\/shop\/uncategorized\/escapulario-nossa-senhora-e-cruz-vazada-micro-zirconias-cristais-e-azuis-banhado-a-ouro\/"},"modified":"2025-03-24T20:04:14","modified_gmt":"2025-03-24T23:04:14","slug":"escapulario-nossa-senhora-e-cruz-vazada-micro-zirconias-cristais-e-azuis-banhado-a-ouro","status":"publish","type":"product","link":"https:\/\/estiloromano.smartjoias.com.br\/escolhas\/shop\/sem-categoria\/escapulario-nossa-senhora-e-cruz-vazada-micro-zirconias-cristais-e-azuis-banhado-a-ouro\/","title":{"rendered":"Escapul\u00e1rio Nossa Senhora e Cruz Vazada Micro Zirc\u00f4nias Cristais e Azuis Banhado a Ouro"},"content":{"rendered":"<p>Escapul\u00e1rio Nossa Senhora e Cruz Vazada Micro Zirc\u00f4nias Cristais e Azuis Banhado a Ouro<\/p>\n","protected":false},"excerpt":{"rendered":"<p>Escapul\u00e1rio Nossa Senhora e Cruz Vazada Micro Zirc\u00f4nias Cristais e Azuis Banhado a Ouro<\/p>\n","protected":false},"featured_media":0,"template":"","meta":[],"product_cat":[2480],"product_tag":[],"class_list":{"0":"post-107226","1":"product","2":"type-product","3":"status-publish","5":"product_cat-sem-categoria","7":"first","8":"instock","9":"shipping-taxable","10":"purchasable","11":"product-type-simple"},"_links":{"self":[{"href":"https:\/\/estiloromano.smartjoias.com.br\/escolhas\/wp-json\/wp\/v2\/product\/107226","targetHints":{"allow":["GET"]}}],"collection":[{"href":"https:\/\/estiloromano.smartjoias.com.br\/escolhas\/wp-json\/wp\/v2\/product"}],"about":[{"href":"https:\/\/estiloromano.smartjoias.com.br\/escolhas\/wp-json\/wp\/v2\/types\/product"}],"wp:attachment":[{"href":"https:\/\/estiloromano.smartjoias.com.br\/escolhas\/wp-json\/wp\/v2\/media?parent=107226"}],"wp:term":[{"taxonomy":"product_cat","embeddable":true,"href":"https:\/\/estiloromano.smartjoias.com.br\/escolhas\/wp-json\/wp\/v2\/product_cat?post=107226"},{"taxonomy":"product_tag","embeddable":true,"href":"https:\/\/estiloromano.smartjoias.com.br\/escolhas\/wp-json\/wp\/v2\/product_tag?post=107226"}],"curies":[{"name":"wp","href":"https:\/\/api.w.org\/{rel}","templated":true}]}}