{"id":107236,"date":"2025-02-27T10:20:00","date_gmt":"2025-02-27T13:20:00","guid":{"rendered":"https:\/\/estiloromano.smartjoias.com.br\/escolhas\/shop\/uncategorized\/piercing-argolinha-cravejada-princess-torcao-prata-925\/"},"modified":"2025-03-24T20:03:13","modified_gmt":"2025-03-24T23:03:13","slug":"piercing-argolinha-cravejada-princess-torcao-prata-925","status":"publish","type":"product","link":"https:\/\/estiloromano.smartjoias.com.br\/escolhas\/shop\/sem-categoria\/piercing-argolinha-cravejada-princess-torcao-prata-925\/","title":{"rendered":"Piercing Argolinha Cravejada Princess Tor\u00e7\u00e3o &#8211; Prata 925"},"content":{"rendered":"<p>Piercing Argolinha Cravejada Princess Tor\u00e7\u00e3o &#8211; Prata 925<\/p>\n","protected":false},"excerpt":{"rendered":"<p>Piercing Argolinha Cravejada Princess Tor\u00e7\u00e3o &#8211; Prata 925<\/p>\n","protected":false},"featured_media":107258,"template":"","meta":[],"product_cat":[2480],"product_tag":[],"class_list":{"0":"post-107236","1":"product","2":"type-product","3":"status-publish","4":"has-post-thumbnail","6":"product_cat-sem-categoria","8":"first","9":"instock","10":"shipping-taxable","11":"purchasable","12":"product-type-simple"},"fifu_image_url":"https:\/\/orgbling.s3.amazonaws.com\/25e28644d5bc765187a98d9415eab57d\/c36cb19a47ce5f757fcc789c798f6a72?AWSAccessKeyId=AKIATCLMSGFX4J7TU445&Expires=1743462020&Signature=SXWR4IzpV7q7PDvyMI5WT6Ysdbg%3D","_links":{"self":[{"href":"https:\/\/estiloromano.smartjoias.com.br\/escolhas\/wp-json\/wp\/v2\/product\/107236","targetHints":{"allow":["GET"]}}],"collection":[{"href":"https:\/\/estiloromano.smartjoias.com.br\/escolhas\/wp-json\/wp\/v2\/product"}],"about":[{"href":"https:\/\/estiloromano.smartjoias.com.br\/escolhas\/wp-json\/wp\/v2\/types\/product"}],"wp:featuredmedia":[{"embeddable":true,"href":"https:\/\/estiloromano.smartjoias.com.br\/escolhas\/wp-json\/wp\/v2\/media\/107258"}],"wp:attachment":[{"href":"https:\/\/estiloromano.smartjoias.com.br\/escolhas\/wp-json\/wp\/v2\/media?parent=107236"}],"wp:term":[{"taxonomy":"product_cat","embeddable":true,"href":"https:\/\/estiloromano.smartjoias.com.br\/escolhas\/wp-json\/wp\/v2\/product_cat?post=107236"},{"taxonomy":"product_tag","embeddable":true,"href":"https:\/\/estiloromano.smartjoias.com.br\/escolhas\/wp-json\/wp\/v2\/product_tag?post=107236"}],"curies":[{"name":"wp","href":"https:\/\/api.w.org\/{rel}","templated":true}]}}