{"id":107278,"date":"2025-03-18T22:35:10","date_gmt":"2025-03-19T01:35:10","guid":{"rendered":"https:\/\/estiloromano.smartjoias.com.br\/escolhas\/shop\/uncategorized\/escapulario-coracao-de-jesus-e-nossa-senhora-banhado-a-ouro\/"},"modified":"2025-03-24T20:02:33","modified_gmt":"2025-03-24T23:02:33","slug":"escapulario-coracao-de-jesus-e-nossa-senhora-banhado-a-ouro","status":"publish","type":"product","link":"https:\/\/estiloromano.smartjoias.com.br\/escolhas\/shop\/sem-categoria\/escapulario-coracao-de-jesus-e-nossa-senhora-banhado-a-ouro\/","title":{"rendered":"Escapul\u00e1rio Cora\u00e7\u00e3o de Jesus e Nossa Senhora &#8211; Banhado a Ouro"},"content":{"rendered":"<p>Escapul\u00e1rio Cora\u00e7\u00e3o de Jesus e Nossa Senhora &#8211; Banhado a Ouro<\/p>\n","protected":false},"excerpt":{"rendered":"<p>Escapul\u00e1rio Cora\u00e7\u00e3o de Jesus e Nossa Senhora &#8211; Banhado a Ouro<\/p>\n","protected":false},"featured_media":0,"template":"","meta":[],"product_cat":[2480],"product_tag":[],"class_list":{"0":"post-107278","1":"product","2":"type-product","3":"status-publish","5":"product_cat-sem-categoria","7":"first","8":"instock","9":"shipping-taxable","10":"purchasable","11":"product-type-simple"},"_links":{"self":[{"href":"https:\/\/estiloromano.smartjoias.com.br\/escolhas\/wp-json\/wp\/v2\/product\/107278","targetHints":{"allow":["GET"]}}],"collection":[{"href":"https:\/\/estiloromano.smartjoias.com.br\/escolhas\/wp-json\/wp\/v2\/product"}],"about":[{"href":"https:\/\/estiloromano.smartjoias.com.br\/escolhas\/wp-json\/wp\/v2\/types\/product"}],"wp:attachment":[{"href":"https:\/\/estiloromano.smartjoias.com.br\/escolhas\/wp-json\/wp\/v2\/media?parent=107278"}],"wp:term":[{"taxonomy":"product_cat","embeddable":true,"href":"https:\/\/estiloromano.smartjoias.com.br\/escolhas\/wp-json\/wp\/v2\/product_cat?post=107278"},{"taxonomy":"product_tag","embeddable":true,"href":"https:\/\/estiloromano.smartjoias.com.br\/escolhas\/wp-json\/wp\/v2\/product_tag?post=107278"}],"curies":[{"name":"wp","href":"https:\/\/api.w.org\/{rel}","templated":true}]}}