{"id":107307,"date":"2025-03-22T21:53:28","date_gmt":"2025-03-23T00:53:28","guid":{"rendered":"https:\/\/estiloromano.smartjoias.com.br\/escolhas\/shop\/uncategorized\/anel-meia-alianca-com-microzirconias-banhado-a-ouro-22k-tamanho25\/"},"modified":"2025-03-24T20:02:06","modified_gmt":"2025-03-24T23:02:06","slug":"anel-meia-alianca-com-microzirconias-banhado-a-ouro-22k-tamanho25","status":"publish","type":"product","link":"https:\/\/estiloromano.smartjoias.com.br\/escolhas\/shop\/sem-categoria\/anel-meia-alianca-com-microzirconias-banhado-a-ouro-22k-tamanho25\/","title":{"rendered":"Anel Meia Alian\u00e7a com Microzirc\u00f4nias &#8211; Banhado a Ouro 22k Tamanho:25"},"content":{"rendered":"<p>Anel Meia Alian\u00e7a com Microzirc\u00f4nias &#8211; Banhado a Ouro 22k Tamanho:25<\/p>\n","protected":false},"excerpt":{"rendered":"<p>Anel Meia Alian\u00e7a com Microzirc\u00f4nias &#8211; Banhado a Ouro 22k Tamanho:25<\/p>\n","protected":false},"featured_media":0,"template":"","meta":[],"product_cat":[2480],"product_tag":[],"class_list":{"0":"post-107307","1":"product","2":"type-product","3":"status-publish","5":"product_cat-sem-categoria","7":"first","8":"instock","9":"shipping-taxable","10":"purchasable","11":"product-type-simple"},"_links":{"self":[{"href":"https:\/\/estiloromano.smartjoias.com.br\/escolhas\/wp-json\/wp\/v2\/product\/107307","targetHints":{"allow":["GET"]}}],"collection":[{"href":"https:\/\/estiloromano.smartjoias.com.br\/escolhas\/wp-json\/wp\/v2\/product"}],"about":[{"href":"https:\/\/estiloromano.smartjoias.com.br\/escolhas\/wp-json\/wp\/v2\/types\/product"}],"wp:attachment":[{"href":"https:\/\/estiloromano.smartjoias.com.br\/escolhas\/wp-json\/wp\/v2\/media?parent=107307"}],"wp:term":[{"taxonomy":"product_cat","embeddable":true,"href":"https:\/\/estiloromano.smartjoias.com.br\/escolhas\/wp-json\/wp\/v2\/product_cat?post=107307"},{"taxonomy":"product_tag","embeddable":true,"href":"https:\/\/estiloromano.smartjoias.com.br\/escolhas\/wp-json\/wp\/v2\/product_tag?post=107307"}],"curies":[{"name":"wp","href":"https:\/\/api.w.org\/{rel}","templated":true}]}}