{"id":45519,"date":"2023-08-27T11:06:20","date_gmt":"2023-08-27T14:06:20","guid":{"rendered":"https:\/\/estiloromano.smartjoias.com.br\/escolhas\/shop\/sem categoria\/pulseira-coracao-27mm-pendente-de-elos-banhado-a-prata\/"},"modified":"2024-02-26T13:27:09","modified_gmt":"2024-02-26T16:27:09","slug":"pulseira-coracao-27mm-pendente-de-elos-banhado-a-prata","status":"publish","type":"product","link":"https:\/\/estiloromano.smartjoias.com.br\/escolhas\/shop\/pulseiras-de-coracao-rodio-branco\/pulseira-coracao-27mm-pendente-de-elos-banhado-a-prata\/","title":{"rendered":"Pulseira Cora\u00e7\u00e3o 27mm Pendente de Elos  &#8211; Banhado a Prata"},"content":{"rendered":"<p>Pulseira Cora\u00e7\u00e3o 27mm Pendente de Elos  &#8211; Banhado a Prata<\/p>\n","protected":false},"excerpt":{"rendered":"<p>Pulseira Cora\u00e7\u00e3o 27mm Pendente de Elos &#8211; Banhado a Prata<\/p>\n","protected":false},"featured_media":0,"template":"","meta":[],"product_cat":[2692],"product_tag":[],"class_list":{"0":"post-45519","1":"product","2":"type-product","3":"status-publish","5":"product_cat-pulseiras-de-coracao-rodio-branco","7":"first","8":"instock","9":"shipping-taxable","10":"purchasable","11":"product-type-simple"},"fifu_image_url":"https:\/\/orgbling.s3.amazonaws.com\/25e28644d5bc765187a98d9415eab57d\/0a3e62525c273867d4bd1dd3ad14cf40?AWSAccessKeyId=AKIATCLMSGFX4J7TU445&Expires=1709569434&Signature=KKw9dHoOZbSILmJzIMUHp%2F9nZ8E%3D","_links":{"self":[{"href":"https:\/\/estiloromano.smartjoias.com.br\/escolhas\/wp-json\/wp\/v2\/product\/45519","targetHints":{"allow":["GET"]}}],"collection":[{"href":"https:\/\/estiloromano.smartjoias.com.br\/escolhas\/wp-json\/wp\/v2\/product"}],"about":[{"href":"https:\/\/estiloromano.smartjoias.com.br\/escolhas\/wp-json\/wp\/v2\/types\/product"}],"wp:attachment":[{"href":"https:\/\/estiloromano.smartjoias.com.br\/escolhas\/wp-json\/wp\/v2\/media?parent=45519"}],"wp:term":[{"taxonomy":"product_cat","embeddable":true,"href":"https:\/\/estiloromano.smartjoias.com.br\/escolhas\/wp-json\/wp\/v2\/product_cat?post=45519"},{"taxonomy":"product_tag","embeddable":true,"href":"https:\/\/estiloromano.smartjoias.com.br\/escolhas\/wp-json\/wp\/v2\/product_tag?post=45519"}],"curies":[{"name":"wp","href":"https:\/\/api.w.org\/{rel}","templated":true}]}}