{"id":45520,"date":"2023-08-27T11:06:27","date_gmt":"2023-08-27T14:06:27","guid":{"rendered":"https:\/\/estiloromano.smartjoias.com.br\/escolhas\/shop\/sem categoria\/brinco-coracao-espelhado-27mm-banhado-a-prata\/"},"modified":"2024-02-26T13:27:12","modified_gmt":"2024-02-26T16:27:12","slug":"brinco-coracao-espelhado-27mm-banhado-a-prata","status":"publish","type":"product","link":"https:\/\/estiloromano.smartjoias.com.br\/escolhas\/shop\/brincos-coracao-rodio-branco\/brinco-coracao-espelhado-27mm-banhado-a-prata\/","title":{"rendered":"Brinco Cora\u00e7\u00e3o Espelhado 27mm &#8211; Banhado a Prata"},"content":{"rendered":"<p>Brinco Cora\u00e7\u00e3o Espelhado 27mm &#8211; Banhado a Prata<\/p>\n","protected":false},"excerpt":{"rendered":"<p>Brinco Cora\u00e7\u00e3o Espelhado 27mm &#8211; Banhado a Prata<\/p>\n","protected":false},"featured_media":0,"template":"","meta":[],"product_cat":[2762],"product_tag":[],"class_list":{"0":"post-45520","1":"product","2":"type-product","3":"status-publish","5":"product_cat-brincos-coracao-rodio-branco","7":"first","8":"instock","9":"shipping-taxable","10":"purchasable","11":"product-type-simple"},"_links":{"self":[{"href":"https:\/\/estiloromano.smartjoias.com.br\/escolhas\/wp-json\/wp\/v2\/product\/45520","targetHints":{"allow":["GET"]}}],"collection":[{"href":"https:\/\/estiloromano.smartjoias.com.br\/escolhas\/wp-json\/wp\/v2\/product"}],"about":[{"href":"https:\/\/estiloromano.smartjoias.com.br\/escolhas\/wp-json\/wp\/v2\/types\/product"}],"wp:attachment":[{"href":"https:\/\/estiloromano.smartjoias.com.br\/escolhas\/wp-json\/wp\/v2\/media?parent=45520"}],"wp:term":[{"taxonomy":"product_cat","embeddable":true,"href":"https:\/\/estiloromano.smartjoias.com.br\/escolhas\/wp-json\/wp\/v2\/product_cat?post=45520"},{"taxonomy":"product_tag","embeddable":true,"href":"https:\/\/estiloromano.smartjoias.com.br\/escolhas\/wp-json\/wp\/v2\/product_tag?post=45520"}],"curies":[{"name":"wp","href":"https:\/\/api.w.org\/{rel}","templated":true}]}}