{"id":45521,"date":"2023-08-27T11:06:34","date_gmt":"2023-08-27T14:06:34","guid":{"rendered":"https:\/\/estiloromano.smartjoias.com.br\/escolhas\/shop\/sem categoria\/brinco-argolinha-coracao-pequena-banhado-a-prata\/"},"modified":"2024-02-26T13:27:15","modified_gmt":"2024-02-26T16:27:15","slug":"brinco-argolinha-coracao-pequena-banhado-a-prata","status":"publish","type":"product","link":"https:\/\/estiloromano.smartjoias.com.br\/escolhas\/shop\/brincos-argolinha-rodio-branco\/brinco-argolinha-coracao-pequena-banhado-a-prata\/","title":{"rendered":"Brinco Argolinha Cora\u00e7\u00e3o Pequena &#8211; Banhado a Prata"},"content":{"rendered":"<p>Brinco Argolinha Cora\u00e7\u00e3o Pequena &#8211; Banhado a Prata<\/p>\n","protected":false},"excerpt":{"rendered":"<p>Brinco Argolinha Cora\u00e7\u00e3o Pequena &#8211; Banhado a Prata<\/p>\n","protected":false},"featured_media":0,"template":"","meta":[],"product_cat":[2759],"product_tag":[],"class_list":{"0":"post-45521","1":"product","2":"type-product","3":"status-publish","5":"product_cat-brincos-argolinha-rodio-branco","7":"first","8":"instock","9":"shipping-taxable","10":"purchasable","11":"product-type-simple"},"_links":{"self":[{"href":"https:\/\/estiloromano.smartjoias.com.br\/escolhas\/wp-json\/wp\/v2\/product\/45521","targetHints":{"allow":["GET"]}}],"collection":[{"href":"https:\/\/estiloromano.smartjoias.com.br\/escolhas\/wp-json\/wp\/v2\/product"}],"about":[{"href":"https:\/\/estiloromano.smartjoias.com.br\/escolhas\/wp-json\/wp\/v2\/types\/product"}],"wp:attachment":[{"href":"https:\/\/estiloromano.smartjoias.com.br\/escolhas\/wp-json\/wp\/v2\/media?parent=45521"}],"wp:term":[{"taxonomy":"product_cat","embeddable":true,"href":"https:\/\/estiloromano.smartjoias.com.br\/escolhas\/wp-json\/wp\/v2\/product_cat?post=45521"},{"taxonomy":"product_tag","embeddable":true,"href":"https:\/\/estiloromano.smartjoias.com.br\/escolhas\/wp-json\/wp\/v2\/product_tag?post=45521"}],"curies":[{"name":"wp","href":"https:\/\/api.w.org\/{rel}","templated":true}]}}