{"id":45568,"date":"2023-08-27T11:12:14","date_gmt":"2023-08-27T14:12:14","guid":{"rendered":"https:\/\/estiloromano.smartjoias.com.br\/escolhas\/shop\/sem categoria\/anel-coracao-cravejado-rosa-com-perola-banhado-a-ouro-tamanho19\/"},"modified":"2024-02-17T15:52:19","modified_gmt":"2024-02-17T18:52:19","slug":"anel-coracao-cravejado-rosa-com-perola-banhado-a-ouro-tamanho19","status":"publish","type":"product","link":"https:\/\/estiloromano.smartjoias.com.br\/escolhas\/shop\/aneis-ouro\/anel-coracao-cravejado-rosa-com-perola-banhado-a-ouro-tamanho19\/","title":{"rendered":"Anel Cora\u00e7\u00e3o Cravejado Rosa com P\u00e9rola &#8211; Banhado a Ouro Tamanho:19"},"content":{"rendered":"<p>Anel Cora\u00e7\u00e3o Cravejado Rosa com P\u00e9rola &#8211; Banhado a Ouro Tamanho:19<\/p>\n","protected":false},"excerpt":{"rendered":"<p>Anel Cora\u00e7\u00e3o Cravejado Rosa com P\u00e9rola &#8211; Banhado a Ouro Tamanho:19<\/p>\n","protected":false},"featured_media":0,"template":"","meta":[],"product_cat":[2746],"product_tag":[],"class_list":{"0":"post-45568","1":"product","2":"type-product","3":"status-publish","5":"product_cat-aneis-ouro","7":"first","8":"instock","9":"shipping-taxable","10":"purchasable","11":"product-type-simple"},"_links":{"self":[{"href":"https:\/\/estiloromano.smartjoias.com.br\/escolhas\/wp-json\/wp\/v2\/product\/45568","targetHints":{"allow":["GET"]}}],"collection":[{"href":"https:\/\/estiloromano.smartjoias.com.br\/escolhas\/wp-json\/wp\/v2\/product"}],"about":[{"href":"https:\/\/estiloromano.smartjoias.com.br\/escolhas\/wp-json\/wp\/v2\/types\/product"}],"wp:attachment":[{"href":"https:\/\/estiloromano.smartjoias.com.br\/escolhas\/wp-json\/wp\/v2\/media?parent=45568"}],"wp:term":[{"taxonomy":"product_cat","embeddable":true,"href":"https:\/\/estiloromano.smartjoias.com.br\/escolhas\/wp-json\/wp\/v2\/product_cat?post=45568"},{"taxonomy":"product_tag","embeddable":true,"href":"https:\/\/estiloromano.smartjoias.com.br\/escolhas\/wp-json\/wp\/v2\/product_tag?post=45568"}],"curies":[{"name":"wp","href":"https:\/\/api.w.org\/{rel}","templated":true}]}}