{"id":45584,"date":"2023-08-27T11:14:04","date_gmt":"2023-08-27T14:14:04","guid":{"rendered":"https:\/\/estiloromano.smartjoias.com.br\/escolhas\/shop\/sem categoria\/anel-regulavel-flor-com-zirconia-banhado-a-ouro-corzirconia-verde\/"},"modified":"2024-02-17T15:52:56","modified_gmt":"2024-02-17T18:52:56","slug":"anel-regulavel-flor-com-zirconia-banhado-a-ouro-corzirconia-verde","status":"publish","type":"product","link":"https:\/\/estiloromano.smartjoias.com.br\/escolhas\/shop\/aneis-ouro\/anel-regulavel-flor-com-zirconia-banhado-a-ouro-corzirconia-verde\/","title":{"rendered":"Anel Regul\u00e1vel Flor com Zirc\u00f4nia &#8211; Banhado a Ouro COR:Zirc\u00f4nia Verde"},"content":{"rendered":"<p>Anel Regul\u00e1vel Flor com Zirc\u00f4nia &#8211; Banhado a Ouro COR:Zirc\u00f4nia Verde<\/p>\n","protected":false},"excerpt":{"rendered":"<p>Anel Regul\u00e1vel Flor com Zirc\u00f4nia &#8211; Banhado a Ouro COR:Zirc\u00f4nia Verde<\/p>\n","protected":false},"featured_media":0,"template":"","meta":[],"product_cat":[2746],"product_tag":[],"class_list":{"0":"post-45584","1":"product","2":"type-product","3":"status-publish","5":"product_cat-aneis-ouro","7":"first","8":"instock","9":"shipping-taxable","10":"purchasable","11":"product-type-simple"},"_links":{"self":[{"href":"https:\/\/estiloromano.smartjoias.com.br\/escolhas\/wp-json\/wp\/v2\/product\/45584","targetHints":{"allow":["GET"]}}],"collection":[{"href":"https:\/\/estiloromano.smartjoias.com.br\/escolhas\/wp-json\/wp\/v2\/product"}],"about":[{"href":"https:\/\/estiloromano.smartjoias.com.br\/escolhas\/wp-json\/wp\/v2\/types\/product"}],"wp:attachment":[{"href":"https:\/\/estiloromano.smartjoias.com.br\/escolhas\/wp-json\/wp\/v2\/media?parent=45584"}],"wp:term":[{"taxonomy":"product_cat","embeddable":true,"href":"https:\/\/estiloromano.smartjoias.com.br\/escolhas\/wp-json\/wp\/v2\/product_cat?post=45584"},{"taxonomy":"product_tag","embeddable":true,"href":"https:\/\/estiloromano.smartjoias.com.br\/escolhas\/wp-json\/wp\/v2\/product_tag?post=45584"}],"curies":[{"name":"wp","href":"https:\/\/api.w.org\/{rel}","templated":true}]}}