{"id":45600,"date":"2023-08-27T11:15:50","date_gmt":"2023-08-27T14:15:50","guid":{"rendered":"https:\/\/estiloromano.smartjoias.com.br\/escolhas\/shop\/sem categoria\/colar-coracao-rosa-com-mircozirconias-banhado-a-ouro\/"},"modified":"2024-02-17T15:53:33","modified_gmt":"2024-02-17T18:53:33","slug":"colar-coracao-rosa-com-mircozirconias-banhado-a-ouro","status":"publish","type":"product","link":"https:\/\/estiloromano.smartjoias.com.br\/escolhas\/shop\/colares-coracao-ouro\/colar-coracao-rosa-com-mircozirconias-banhado-a-ouro\/","title":{"rendered":"Colar Cora\u00e7\u00e3o Rosa com Mircozirc\u00f4nias  &#8211; Banhado a Ouro"},"content":{"rendered":"<p>Colar Cora\u00e7\u00e3o Rosa com Mircozirc\u00f4nias  &#8211; Banhado a Ouro<\/p>\n","protected":false},"excerpt":{"rendered":"<p>Colar Cora\u00e7\u00e3o Rosa com Mircozirc\u00f4nias &#8211; Banhado a Ouro<\/p>\n","protected":false},"featured_media":0,"template":"","meta":[],"product_cat":[2793],"product_tag":[],"class_list":{"0":"post-45600","1":"product","2":"type-product","3":"status-publish","5":"product_cat-colares-coracao-ouro","7":"first","8":"instock","9":"shipping-taxable","10":"purchasable","11":"product-type-simple"},"_links":{"self":[{"href":"https:\/\/estiloromano.smartjoias.com.br\/escolhas\/wp-json\/wp\/v2\/product\/45600","targetHints":{"allow":["GET"]}}],"collection":[{"href":"https:\/\/estiloromano.smartjoias.com.br\/escolhas\/wp-json\/wp\/v2\/product"}],"about":[{"href":"https:\/\/estiloromano.smartjoias.com.br\/escolhas\/wp-json\/wp\/v2\/types\/product"}],"wp:attachment":[{"href":"https:\/\/estiloromano.smartjoias.com.br\/escolhas\/wp-json\/wp\/v2\/media?parent=45600"}],"wp:term":[{"taxonomy":"product_cat","embeddable":true,"href":"https:\/\/estiloromano.smartjoias.com.br\/escolhas\/wp-json\/wp\/v2\/product_cat?post=45600"},{"taxonomy":"product_tag","embeddable":true,"href":"https:\/\/estiloromano.smartjoias.com.br\/escolhas\/wp-json\/wp\/v2\/product_tag?post=45600"}],"curies":[{"name":"wp","href":"https:\/\/api.w.org\/{rel}","templated":true}]}}