{"id":45634,"date":"2023-08-27T11:19:50","date_gmt":"2023-08-27T14:19:50","guid":{"rendered":"https:\/\/estiloromano.smartjoias.com.br\/escolhas\/shop\/sem categoria\/piercing-reto-olho-com-zirconia-em-aco-banhado-a-ouro\/"},"modified":"2024-02-17T15:54:52","modified_gmt":"2024-02-17T18:54:52","slug":"piercing-reto-olho-com-zirconia-em-aco-banhado-a-ouro","status":"publish","type":"product","link":"https:\/\/estiloromano.smartjoias.com.br\/escolhas\/shop\/\/tragus\/piercing-reto-olho-com-zirconia-em-aco-banhado-a-ouro\/","title":{"rendered":"Piercing Reto Olho com Zirc\u00f4nia em A\u00e7o Banhado a Ouro"},"content":{"rendered":"<p>Piercing Reto Olho com Zirc\u00f4nia em A\u00e7o Banhado a Ouro<\/p>\n","protected":false},"excerpt":{"rendered":"<p>Piercing Reto Olho com Zirc\u00f4nia em A\u00e7o Banhado a Ouro<\/p>\n","protected":false},"featured_media":0,"template":"","meta":[],"product_cat":[825],"product_tag":[],"class_list":{"0":"post-45634","1":"product","2":"type-product","3":"status-publish","5":"product_cat-tragus","7":"first","8":"instock","9":"shipping-taxable","10":"purchasable","11":"product-type-simple"},"_links":{"self":[{"href":"https:\/\/estiloromano.smartjoias.com.br\/escolhas\/wp-json\/wp\/v2\/product\/45634","targetHints":{"allow":["GET"]}}],"collection":[{"href":"https:\/\/estiloromano.smartjoias.com.br\/escolhas\/wp-json\/wp\/v2\/product"}],"about":[{"href":"https:\/\/estiloromano.smartjoias.com.br\/escolhas\/wp-json\/wp\/v2\/types\/product"}],"wp:attachment":[{"href":"https:\/\/estiloromano.smartjoias.com.br\/escolhas\/wp-json\/wp\/v2\/media?parent=45634"}],"wp:term":[{"taxonomy":"product_cat","embeddable":true,"href":"https:\/\/estiloromano.smartjoias.com.br\/escolhas\/wp-json\/wp\/v2\/product_cat?post=45634"},{"taxonomy":"product_tag","embeddable":true,"href":"https:\/\/estiloromano.smartjoias.com.br\/escolhas\/wp-json\/wp\/v2\/product_tag?post=45634"}],"curies":[{"name":"wp","href":"https:\/\/api.w.org\/{rel}","templated":true}]}}