{"id":45700,"date":"2023-08-27T11:21:39","date_gmt":"2023-08-27T14:21:39","guid":{"rendered":"https:\/\/estiloromano.smartjoias.com.br\/escolhas\/shop\/sem categoria\/anel-coracao-cravejado-banhado-a-ouro-tamanho17\/"},"modified":"2024-02-17T15:55:31","modified_gmt":"2024-02-17T18:55:31","slug":"anel-coracao-cravejado-banhado-a-ouro-tamanho17","status":"publish","type":"product","link":"https:\/\/estiloromano.smartjoias.com.br\/escolhas\/shop\/aneis-ouro\/anel-coracao-cravejado-banhado-a-ouro-tamanho17\/","title":{"rendered":"Anel Cora\u00e7\u00e3o Cravejado  &#8211; Banhado a Ouro Tamanho:17"},"content":{"rendered":"<p>Anel Cora\u00e7\u00e3o Cravejado  &#8211; Banhado a Ouro Tamanho:17<\/p>\n","protected":false},"excerpt":{"rendered":"<p>Anel Cora\u00e7\u00e3o Cravejado &#8211; Banhado a Ouro Tamanho:17<\/p>\n","protected":false},"featured_media":0,"template":"","meta":[],"product_cat":[2746],"product_tag":[],"class_list":{"0":"post-45700","1":"product","2":"type-product","3":"status-publish","5":"product_cat-aneis-ouro","7":"first","8":"instock","9":"shipping-taxable","10":"purchasable","11":"product-type-simple"},"_links":{"self":[{"href":"https:\/\/estiloromano.smartjoias.com.br\/escolhas\/wp-json\/wp\/v2\/product\/45700","targetHints":{"allow":["GET"]}}],"collection":[{"href":"https:\/\/estiloromano.smartjoias.com.br\/escolhas\/wp-json\/wp\/v2\/product"}],"about":[{"href":"https:\/\/estiloromano.smartjoias.com.br\/escolhas\/wp-json\/wp\/v2\/types\/product"}],"wp:attachment":[{"href":"https:\/\/estiloromano.smartjoias.com.br\/escolhas\/wp-json\/wp\/v2\/media?parent=45700"}],"wp:term":[{"taxonomy":"product_cat","embeddable":true,"href":"https:\/\/estiloromano.smartjoias.com.br\/escolhas\/wp-json\/wp\/v2\/product_cat?post=45700"},{"taxonomy":"product_tag","embeddable":true,"href":"https:\/\/estiloromano.smartjoias.com.br\/escolhas\/wp-json\/wp\/v2\/product_tag?post=45700"}],"curies":[{"name":"wp","href":"https:\/\/api.w.org\/{rel}","templated":true}]}}