{"id":45747,"date":"2023-08-27T11:26:34","date_gmt":"2023-08-27T14:26:34","guid":{"rendered":"https:\/\/estiloromano.smartjoias.com.br\/escolhas\/shop\/sem categoria\/anel-solitario-com-zirconia-banhado-a-ouro-tamanho13\/"},"modified":"2024-02-17T15:57:18","modified_gmt":"2024-02-17T18:57:18","slug":"anel-solitario-com-zirconia-banhado-a-ouro-tamanho13","status":"publish","type":"product","link":"https:\/\/estiloromano.smartjoias.com.br\/escolhas\/shop\/aneis-solitario-ouro\/anel-solitario-com-zirconia-banhado-a-ouro-tamanho13\/","title":{"rendered":"Anel Solit\u00e1rio com Zirc\u00f4nia &#8211; Banhado a Ouro Tamanho:13"},"content":{"rendered":"<p>Anel Solit\u00e1rio com Zirc\u00f4nia &#8211; Banhado a Ouro Tamanho:13<\/p>\n","protected":false},"excerpt":{"rendered":"<p>Anel Solit\u00e1rio com Zirc\u00f4nia &#8211; Banhado a Ouro Tamanho:13<\/p>\n","protected":false},"featured_media":0,"template":"","meta":[],"product_cat":[2811],"product_tag":[],"class_list":{"0":"post-45747","1":"product","2":"type-product","3":"status-publish","5":"product_cat-aneis-solitario-ouro","7":"first","8":"instock","9":"shipping-taxable","10":"purchasable","11":"product-type-simple"},"_links":{"self":[{"href":"https:\/\/estiloromano.smartjoias.com.br\/escolhas\/wp-json\/wp\/v2\/product\/45747","targetHints":{"allow":["GET"]}}],"collection":[{"href":"https:\/\/estiloromano.smartjoias.com.br\/escolhas\/wp-json\/wp\/v2\/product"}],"about":[{"href":"https:\/\/estiloromano.smartjoias.com.br\/escolhas\/wp-json\/wp\/v2\/types\/product"}],"wp:attachment":[{"href":"https:\/\/estiloromano.smartjoias.com.br\/escolhas\/wp-json\/wp\/v2\/media?parent=45747"}],"wp:term":[{"taxonomy":"product_cat","embeddable":true,"href":"https:\/\/estiloromano.smartjoias.com.br\/escolhas\/wp-json\/wp\/v2\/product_cat?post=45747"},{"taxonomy":"product_tag","embeddable":true,"href":"https:\/\/estiloromano.smartjoias.com.br\/escolhas\/wp-json\/wp\/v2\/product_tag?post=45747"}],"curies":[{"name":"wp","href":"https:\/\/api.w.org\/{rel}","templated":true}]}}