{"id":45761,"date":"2023-08-27T11:28:01","date_gmt":"2023-08-27T14:28:01","guid":{"rendered":"https:\/\/estiloromano.smartjoias.com.br\/escolhas\/shop\/sem categoria\/bracelete-liso-com-coracoes-pendentes-banhado-a-prata\/"},"modified":"2024-02-03T20:48:29","modified_gmt":"2024-02-03T23:48:29","slug":"bracelete-liso-com-coracoes-pendentes-banhado-a-prata","status":"publish","type":"product","link":"https:\/\/estiloromano.smartjoias.com.br\/escolhas\/shop\/braceletes-rodio-branco\/bracelete-liso-com-coracoes-pendentes-banhado-a-prata\/","title":{"rendered":"Bracelete Liso com Cora\u00e7\u00f5es Pendentes &#8211; Banhado a Prata"},"content":{"rendered":"<p>Bracelete Liso com Cora\u00e7\u00f5es Pendentes &#8211; Banhado a Prata<\/p>\n","protected":false},"excerpt":{"rendered":"<p>Bracelete Liso com Cora\u00e7\u00f5es Pendentes &#8211; Banhado a Prata<\/p>\n","protected":false},"featured_media":0,"template":"","meta":[],"product_cat":[2689],"product_tag":[],"class_list":{"0":"post-45761","1":"product","2":"type-product","3":"status-publish","5":"product_cat-braceletes-rodio-branco","7":"first","8":"instock","9":"shipping-taxable","10":"purchasable","11":"product-type-simple"},"_links":{"self":[{"href":"https:\/\/estiloromano.smartjoias.com.br\/escolhas\/wp-json\/wp\/v2\/product\/45761","targetHints":{"allow":["GET"]}}],"collection":[{"href":"https:\/\/estiloromano.smartjoias.com.br\/escolhas\/wp-json\/wp\/v2\/product"}],"about":[{"href":"https:\/\/estiloromano.smartjoias.com.br\/escolhas\/wp-json\/wp\/v2\/types\/product"}],"wp:attachment":[{"href":"https:\/\/estiloromano.smartjoias.com.br\/escolhas\/wp-json\/wp\/v2\/media?parent=45761"}],"wp:term":[{"taxonomy":"product_cat","embeddable":true,"href":"https:\/\/estiloromano.smartjoias.com.br\/escolhas\/wp-json\/wp\/v2\/product_cat?post=45761"},{"taxonomy":"product_tag","embeddable":true,"href":"https:\/\/estiloromano.smartjoias.com.br\/escolhas\/wp-json\/wp\/v2\/product_tag?post=45761"}],"curies":[{"name":"wp","href":"https:\/\/api.w.org\/{rel}","templated":true}]}}