{"id":45821,"date":"2023-08-27T11:34:42","date_gmt":"2023-08-27T14:34:42","guid":{"rendered":"https:\/\/estiloromano.smartjoias.com.br\/escolhas\/shop\/sem categoria\/brinco-circulo-com-perola-pendente-banhado-a-ouro\/"},"modified":"2024-02-03T20:50:45","modified_gmt":"2024-02-03T23:50:45","slug":"brinco-circulo-com-perola-pendente-banhado-a-ouro","status":"publish","type":"product","link":"https:\/\/estiloromano.smartjoias.com.br\/escolhas\/shop\/brincos-grandes-ouro\/brinco-circulo-com-perola-pendente-banhado-a-ouro\/","title":{"rendered":"Brinco C\u00edrculo com P\u00e9rola Pendente  &#8211; Banhado a Ouro"},"content":{"rendered":"<p>Brinco C\u00edrculo com P\u00e9rola Pendente  &#8211; Banhado a Ouro<\/p>\n","protected":false},"excerpt":{"rendered":"<p>Brinco C\u00edrculo com P\u00e9rola Pendente &#8211; Banhado a Ouro<\/p>\n","protected":false},"featured_media":0,"template":"","meta":[],"product_cat":[2813],"product_tag":[],"class_list":{"0":"post-45821","1":"product","2":"type-product","3":"status-publish","5":"product_cat-brincos-grandes-ouro","7":"first","8":"instock","9":"shipping-taxable","10":"purchasable","11":"product-type-simple"},"_links":{"self":[{"href":"https:\/\/estiloromano.smartjoias.com.br\/escolhas\/wp-json\/wp\/v2\/product\/45821","targetHints":{"allow":["GET"]}}],"collection":[{"href":"https:\/\/estiloromano.smartjoias.com.br\/escolhas\/wp-json\/wp\/v2\/product"}],"about":[{"href":"https:\/\/estiloromano.smartjoias.com.br\/escolhas\/wp-json\/wp\/v2\/types\/product"}],"wp:attachment":[{"href":"https:\/\/estiloromano.smartjoias.com.br\/escolhas\/wp-json\/wp\/v2\/media?parent=45821"}],"wp:term":[{"taxonomy":"product_cat","embeddable":true,"href":"https:\/\/estiloromano.smartjoias.com.br\/escolhas\/wp-json\/wp\/v2\/product_cat?post=45821"},{"taxonomy":"product_tag","embeddable":true,"href":"https:\/\/estiloromano.smartjoias.com.br\/escolhas\/wp-json\/wp\/v2\/product_tag?post=45821"}],"curies":[{"name":"wp","href":"https:\/\/api.w.org\/{rel}","templated":true}]}}