{"id":45825,"date":"2023-08-27T11:35:08","date_gmt":"2023-08-27T14:35:08","guid":{"rendered":"https:\/\/estiloromano.smartjoias.com.br\/escolhas\/shop\/sem categoria\/tarraxa-de-sustentacao-corbanho-prata\/"},"modified":"2024-02-03T20:50:55","modified_gmt":"2024-02-03T23:50:55","slug":"tarraxa-de-sustentacao-corbanho-prata","status":"publish","type":"product","link":"https:\/\/estiloromano.smartjoias.com.br\/escolhas\/shop\/brincos-ouro\/tarraxa-de-sustentacao-corbanho-prata\/","title":{"rendered":"Tarraxa de Sustenta\u00e7\u00e3o Cor:Banho Prata"},"content":{"rendered":"<p>Tarraxa de Sustenta\u00e7\u00e3o Cor:Banho Prata<\/p>\n","protected":false},"excerpt":{"rendered":"<p>Tarraxa de Sustenta\u00e7\u00e3o Cor:Banho Prata<\/p>\n","protected":false},"featured_media":0,"template":"","meta":[],"product_cat":[2732],"product_tag":[],"class_list":{"0":"post-45825","1":"product","2":"type-product","3":"status-publish","5":"product_cat-brincos-ouro","7":"first","8":"instock","9":"shipping-taxable","10":"purchasable","11":"product-type-simple"},"fifu_image_url":"https:\/\/orgbling.s3.amazonaws.com\/25e28644d5bc765187a98d9415eab57d\/7a7d30d2846e5a73a4dcded70927ffae?AWSAccessKeyId=AKIATCLMSGFX4J7TU445&Expires=1707608942&Signature=xDfHY36L6DxHIKiuBq%2B5JdVG5DA%3D","_links":{"self":[{"href":"https:\/\/estiloromano.smartjoias.com.br\/escolhas\/wp-json\/wp\/v2\/product\/45825","targetHints":{"allow":["GET"]}}],"collection":[{"href":"https:\/\/estiloromano.smartjoias.com.br\/escolhas\/wp-json\/wp\/v2\/product"}],"about":[{"href":"https:\/\/estiloromano.smartjoias.com.br\/escolhas\/wp-json\/wp\/v2\/types\/product"}],"wp:attachment":[{"href":"https:\/\/estiloromano.smartjoias.com.br\/escolhas\/wp-json\/wp\/v2\/media?parent=45825"}],"wp:term":[{"taxonomy":"product_cat","embeddable":true,"href":"https:\/\/estiloromano.smartjoias.com.br\/escolhas\/wp-json\/wp\/v2\/product_cat?post=45825"},{"taxonomy":"product_tag","embeddable":true,"href":"https:\/\/estiloromano.smartjoias.com.br\/escolhas\/wp-json\/wp\/v2\/product_tag?post=45825"}],"curies":[{"name":"wp","href":"https:\/\/api.w.org\/{rel}","templated":true}]}}