{"id":45916,"date":"2023-08-27T11:42:10","date_gmt":"2023-08-27T14:42:10","guid":{"rendered":"https:\/\/estiloromano.smartjoias.com.br\/escolhas\/shop\/sem categoria\/colar-ponto-de-luz-coracao-banhado-a-prata\/"},"modified":"2024-02-03T20:54:23","modified_gmt":"2024-02-03T23:54:23","slug":"colar-ponto-de-luz-coracao-banhado-a-prata","status":"publish","type":"product","link":"https:\/\/estiloromano.smartjoias.com.br\/escolhas\/shop\/colar-coracao-rodio-branco\/colar-ponto-de-luz-coracao-banhado-a-prata\/","title":{"rendered":"Colar Ponto de Luz Cora\u00e7\u00e3o &#8211; Banhado a Prata"},"content":{"rendered":"<p>Colar Ponto de Luz Cora\u00e7\u00e3o &#8211; Banhado a Prata<\/p>\n","protected":false},"excerpt":{"rendered":"<p>Colar Ponto de Luz Cora\u00e7\u00e3o &#8211; Banhado a Prata<\/p>\n","protected":false},"featured_media":0,"template":"","meta":[],"product_cat":[2794],"product_tag":[],"class_list":{"0":"post-45916","1":"product","2":"type-product","3":"status-publish","5":"product_cat-colar-coracao-rodio-branco","7":"first","8":"instock","9":"shipping-taxable","10":"purchasable","11":"product-type-simple"},"_links":{"self":[{"href":"https:\/\/estiloromano.smartjoias.com.br\/escolhas\/wp-json\/wp\/v2\/product\/45916","targetHints":{"allow":["GET"]}}],"collection":[{"href":"https:\/\/estiloromano.smartjoias.com.br\/escolhas\/wp-json\/wp\/v2\/product"}],"about":[{"href":"https:\/\/estiloromano.smartjoias.com.br\/escolhas\/wp-json\/wp\/v2\/types\/product"}],"wp:attachment":[{"href":"https:\/\/estiloromano.smartjoias.com.br\/escolhas\/wp-json\/wp\/v2\/media?parent=45916"}],"wp:term":[{"taxonomy":"product_cat","embeddable":true,"href":"https:\/\/estiloromano.smartjoias.com.br\/escolhas\/wp-json\/wp\/v2\/product_cat?post=45916"},{"taxonomy":"product_tag","embeddable":true,"href":"https:\/\/estiloromano.smartjoias.com.br\/escolhas\/wp-json\/wp\/v2\/product_tag?post=45916"}],"curies":[{"name":"wp","href":"https:\/\/api.w.org\/{rel}","templated":true}]}}