{"id":45941,"date":"2023-08-27T11:42:41","date_gmt":"2023-08-27T14:42:41","guid":{"rendered":"https:\/\/estiloromano.smartjoias.com.br\/escolhas\/shop\/sem categoria\/pulseira-coracoes-zirconias-pretas-banhada-a-rodio-branco\/"},"modified":"2024-02-03T20:55:19","modified_gmt":"2024-02-03T23:55:19","slug":"pulseira-coracoes-zirconias-pretas-banhada-a-rodio-branco","status":"publish","type":"product","link":"https:\/\/estiloromano.smartjoias.com.br\/escolhas\/shop\/pulseiras-de-coracao-rodio-branco\/pulseira-coracoes-zirconias-pretas-banhada-a-rodio-branco\/","title":{"rendered":"Pulseira Cora\u00e7\u00f5es Zirc\u00f4nias Pretas &#8211; Banhada a R\u00f3dio Branco"},"content":{"rendered":"<p>Pulseira Cora\u00e7\u00f5es Zirc\u00f4nias Pretas &#8211; Banhada a R\u00f3dio Branco<\/p>\n","protected":false},"excerpt":{"rendered":"<p>Pulseira Cora\u00e7\u00f5es Zirc\u00f4nias Pretas &#8211; Banhada a R\u00f3dio Branco<\/p>\n","protected":false},"featured_media":0,"template":"","meta":[],"product_cat":[2692],"product_tag":[],"class_list":{"0":"post-45941","1":"product","2":"type-product","3":"status-publish","5":"product_cat-pulseiras-de-coracao-rodio-branco","7":"first","8":"instock","9":"shipping-taxable","10":"purchasable","11":"product-type-simple"},"_links":{"self":[{"href":"https:\/\/estiloromano.smartjoias.com.br\/escolhas\/wp-json\/wp\/v2\/product\/45941","targetHints":{"allow":["GET"]}}],"collection":[{"href":"https:\/\/estiloromano.smartjoias.com.br\/escolhas\/wp-json\/wp\/v2\/product"}],"about":[{"href":"https:\/\/estiloromano.smartjoias.com.br\/escolhas\/wp-json\/wp\/v2\/types\/product"}],"wp:attachment":[{"href":"https:\/\/estiloromano.smartjoias.com.br\/escolhas\/wp-json\/wp\/v2\/media?parent=45941"}],"wp:term":[{"taxonomy":"product_cat","embeddable":true,"href":"https:\/\/estiloromano.smartjoias.com.br\/escolhas\/wp-json\/wp\/v2\/product_cat?post=45941"},{"taxonomy":"product_tag","embeddable":true,"href":"https:\/\/estiloromano.smartjoias.com.br\/escolhas\/wp-json\/wp\/v2\/product_tag?post=45941"}],"curies":[{"name":"wp","href":"https:\/\/api.w.org\/{rel}","templated":true}]}}