{"id":45943,"date":"2023-08-27T11:42:44","date_gmt":"2023-08-27T14:42:44","guid":{"rendered":"https:\/\/estiloromano.smartjoias.com.br\/escolhas\/shop\/sem categoria\/anel-regulavel-de-elos-pequenos-banhado-a-rodio-branco\/"},"modified":"2024-02-03T20:55:23","modified_gmt":"2024-02-03T23:55:23","slug":"anel-regulavel-de-elos-pequenos-banhado-a-rodio-branco","status":"publish","type":"product","link":"https:\/\/estiloromano.smartjoias.com.br\/escolhas\/shop\/aneis-rodio-branco\/anel-regulavel-de-elos-pequenos-banhado-a-rodio-branco\/","title":{"rendered":"Anel Regul\u00e1vel de Elos Pequenos &#8211; Banhado a R\u00f3dio Branco"},"content":{"rendered":"<p>Anel Regul\u00e1vel de Elos Pequenos &#8211; Banhado a R\u00f3dio Branco<\/p>\n","protected":false},"excerpt":{"rendered":"<p>Anel Regul\u00e1vel de Elos Pequenos &#8211; Banhado a R\u00f3dio Branco<\/p>\n","protected":false},"featured_media":0,"template":"","meta":[],"product_cat":[2756],"product_tag":[],"class_list":{"0":"post-45943","1":"product","2":"type-product","3":"status-publish","5":"product_cat-aneis-rodio-branco","7":"first","8":"instock","9":"shipping-taxable","10":"purchasable","11":"product-type-simple"},"_links":{"self":[{"href":"https:\/\/estiloromano.smartjoias.com.br\/escolhas\/wp-json\/wp\/v2\/product\/45943","targetHints":{"allow":["GET"]}}],"collection":[{"href":"https:\/\/estiloromano.smartjoias.com.br\/escolhas\/wp-json\/wp\/v2\/product"}],"about":[{"href":"https:\/\/estiloromano.smartjoias.com.br\/escolhas\/wp-json\/wp\/v2\/types\/product"}],"wp:attachment":[{"href":"https:\/\/estiloromano.smartjoias.com.br\/escolhas\/wp-json\/wp\/v2\/media?parent=45943"}],"wp:term":[{"taxonomy":"product_cat","embeddable":true,"href":"https:\/\/estiloromano.smartjoias.com.br\/escolhas\/wp-json\/wp\/v2\/product_cat?post=45943"},{"taxonomy":"product_tag","embeddable":true,"href":"https:\/\/estiloromano.smartjoias.com.br\/escolhas\/wp-json\/wp\/v2\/product_tag?post=45943"}],"curies":[{"name":"wp","href":"https:\/\/api.w.org\/{rel}","templated":true}]}}