{"id":45959,"date":"2023-08-27T11:43:08","date_gmt":"2023-08-27T14:43:08","guid":{"rendered":"https:\/\/estiloromano.smartjoias.com.br\/escolhas\/shop\/sem categoria\/choker-coracao-zirconia-roxa-banhado-a-ouro\/"},"modified":"2024-02-03T20:56:00","modified_gmt":"2024-02-03T23:56:00","slug":"choker-coracao-zirconia-roxa-banhado-a-ouro","status":"publish","type":"product","link":"https:\/\/estiloromano.smartjoias.com.br\/escolhas\/shop\/choker-e-gargantilhas-ouro\/choker-coracao-zirconia-roxa-banhado-a-ouro\/","title":{"rendered":"Choker Cora\u00e7\u00e3o Zirc\u00f4nia Roxa &#8211; Banhado a Ouro"},"content":{"rendered":"<p>Choker Cora\u00e7\u00e3o Zirc\u00f4nia Roxa &#8211; Banhado a Ouro<\/p>\n","protected":false},"excerpt":{"rendered":"<p>Choker Cora\u00e7\u00e3o Zirc\u00f4nia Roxa &#8211; Banhado a Ouro<\/p>\n","protected":false},"featured_media":0,"template":"","meta":[],"product_cat":[2740],"product_tag":[],"class_list":{"0":"post-45959","1":"product","2":"type-product","3":"status-publish","5":"product_cat-choker-e-gargantilhas-ouro","7":"first","8":"instock","9":"shipping-taxable","10":"purchasable","11":"product-type-simple"},"_links":{"self":[{"href":"https:\/\/estiloromano.smartjoias.com.br\/escolhas\/wp-json\/wp\/v2\/product\/45959","targetHints":{"allow":["GET"]}}],"collection":[{"href":"https:\/\/estiloromano.smartjoias.com.br\/escolhas\/wp-json\/wp\/v2\/product"}],"about":[{"href":"https:\/\/estiloromano.smartjoias.com.br\/escolhas\/wp-json\/wp\/v2\/types\/product"}],"wp:attachment":[{"href":"https:\/\/estiloromano.smartjoias.com.br\/escolhas\/wp-json\/wp\/v2\/media?parent=45959"}],"wp:term":[{"taxonomy":"product_cat","embeddable":true,"href":"https:\/\/estiloromano.smartjoias.com.br\/escolhas\/wp-json\/wp\/v2\/product_cat?post=45959"},{"taxonomy":"product_tag","embeddable":true,"href":"https:\/\/estiloromano.smartjoias.com.br\/escolhas\/wp-json\/wp\/v2\/product_tag?post=45959"}],"curies":[{"name":"wp","href":"https:\/\/api.w.org\/{rel}","templated":true}]}}