{"id":45968,"date":"2023-08-27T11:43:22","date_gmt":"2023-08-27T14:43:22","guid":{"rendered":"https:\/\/estiloromano.smartjoias.com.br\/escolhas\/shop\/sem categoria\/brinco-cascata-circulos-vazados-banhado-a-rodio-branco\/"},"modified":"2024-02-03T20:56:21","modified_gmt":"2024-02-03T23:56:21","slug":"brinco-cascata-circulos-vazados-banhado-a-rodio-branco","status":"publish","type":"product","link":"https:\/\/estiloromano.smartjoias.com.br\/escolhas\/shop\/brincos-grandes-rodio-branco\/brinco-cascata-circulos-vazados-banhado-a-rodio-branco\/","title":{"rendered":"Brinco Cascata C\u00edrculos Vazados &#8211; Banhado a R\u00f3dio Branco"},"content":{"rendered":"<p>Brinco Cascata C\u00edrculos Vazados &#8211; Banhado a R\u00f3dio Branco<\/p>\n","protected":false},"excerpt":{"rendered":"<p>Brinco Cascata C\u00edrculos Vazados &#8211; Banhado a R\u00f3dio Branco<\/p>\n","protected":false},"featured_media":0,"template":"","meta":[],"product_cat":[2817],"product_tag":[],"class_list":{"0":"post-45968","1":"product","2":"type-product","3":"status-publish","5":"product_cat-brincos-grandes-rodio-branco","7":"first","8":"instock","9":"shipping-taxable","10":"purchasable","11":"product-type-simple"},"_links":{"self":[{"href":"https:\/\/estiloromano.smartjoias.com.br\/escolhas\/wp-json\/wp\/v2\/product\/45968","targetHints":{"allow":["GET"]}}],"collection":[{"href":"https:\/\/estiloromano.smartjoias.com.br\/escolhas\/wp-json\/wp\/v2\/product"}],"about":[{"href":"https:\/\/estiloromano.smartjoias.com.br\/escolhas\/wp-json\/wp\/v2\/types\/product"}],"wp:attachment":[{"href":"https:\/\/estiloromano.smartjoias.com.br\/escolhas\/wp-json\/wp\/v2\/media?parent=45968"}],"wp:term":[{"taxonomy":"product_cat","embeddable":true,"href":"https:\/\/estiloromano.smartjoias.com.br\/escolhas\/wp-json\/wp\/v2\/product_cat?post=45968"},{"taxonomy":"product_tag","embeddable":true,"href":"https:\/\/estiloromano.smartjoias.com.br\/escolhas\/wp-json\/wp\/v2\/product_tag?post=45968"}],"curies":[{"name":"wp","href":"https:\/\/api.w.org\/{rel}","templated":true}]}}