{"id":46021,"date":"2023-08-27T11:44:29","date_gmt":"2023-08-27T14:44:29","guid":{"rendered":"https:\/\/estiloromano.smartjoias.com.br\/escolhas\/shop\/sem categoria\/brinco-oval-com-zirconias-e-microzirconias-banhado-a-ouro\/"},"modified":"2024-02-03T20:58:21","modified_gmt":"2024-02-03T23:58:21","slug":"brinco-oval-com-zirconias-e-microzirconias-banhado-a-ouro","status":"publish","type":"product","link":"https:\/\/estiloromano.smartjoias.com.br\/escolhas\/shop\/brincos-com-zirconia-ouro\/brinco-oval-com-zirconias-e-microzirconias-banhado-a-ouro\/","title":{"rendered":"Brinco Oval com Zirc\u00f4nias e Microzirc\u00f4nias &#8211; Banhado a Ouro"},"content":{"rendered":"<p>Brinco Oval com Zirc\u00f4nias e Microzirc\u00f4nias &#8211; Banhado a Ouro<\/p>\n","protected":false},"excerpt":{"rendered":"<p>Brinco Oval com Zirc\u00f4nias e Microzirc\u00f4nias &#8211; Banhado a Ouro<\/p>\n","protected":false},"featured_media":0,"template":"","meta":[],"product_cat":[2734],"product_tag":[],"class_list":{"0":"post-46021","1":"product","2":"type-product","3":"status-publish","5":"product_cat-brincos-com-zirconia-ouro","7":"first","8":"instock","9":"shipping-taxable","10":"purchasable","11":"product-type-simple"},"_links":{"self":[{"href":"https:\/\/estiloromano.smartjoias.com.br\/escolhas\/wp-json\/wp\/v2\/product\/46021","targetHints":{"allow":["GET"]}}],"collection":[{"href":"https:\/\/estiloromano.smartjoias.com.br\/escolhas\/wp-json\/wp\/v2\/product"}],"about":[{"href":"https:\/\/estiloromano.smartjoias.com.br\/escolhas\/wp-json\/wp\/v2\/types\/product"}],"wp:attachment":[{"href":"https:\/\/estiloromano.smartjoias.com.br\/escolhas\/wp-json\/wp\/v2\/media?parent=46021"}],"wp:term":[{"taxonomy":"product_cat","embeddable":true,"href":"https:\/\/estiloromano.smartjoias.com.br\/escolhas\/wp-json\/wp\/v2\/product_cat?post=46021"},{"taxonomy":"product_tag","embeddable":true,"href":"https:\/\/estiloromano.smartjoias.com.br\/escolhas\/wp-json\/wp\/v2\/product_tag?post=46021"}],"curies":[{"name":"wp","href":"https:\/\/api.w.org\/{rel}","templated":true}]}}