{"id":46041,"date":"2023-08-27T11:44:54","date_gmt":"2023-08-27T14:44:54","guid":{"rendered":"https:\/\/estiloromano.smartjoias.com.br\/escolhas\/shop\/sem categoria\/anel-solitario-cravejado-com-zirconia-pequena-banhado-a-ouro-tamanho22\/"},"modified":"2024-02-03T20:59:07","modified_gmt":"2024-02-03T23:59:07","slug":"anel-solitario-cravejado-com-zirconia-pequena-banhado-a-ouro-tamanho22","status":"publish","type":"product","link":"https:\/\/estiloromano.smartjoias.com.br\/escolhas\/shop\/aneis-solitario-ouro\/anel-solitario-cravejado-com-zirconia-pequena-banhado-a-ouro-tamanho22\/","title":{"rendered":"Anel Solit\u00e1rio Cravejado com Zirc\u00f4nia Pequena &#8211; Banhado a Ouro Tamanho:22"},"content":{"rendered":"<p>Anel Solit\u00e1rio Cravejado com Zirc\u00f4nia Pequena &#8211; Banhado a Ouro Tamanho:22<\/p>\n","protected":false},"excerpt":{"rendered":"<p>Anel Solit\u00e1rio Cravejado com Zirc\u00f4nia Pequena &#8211; Banhado a Ouro Tamanho:22<\/p>\n","protected":false},"featured_media":0,"template":"","meta":[],"product_cat":[2811],"product_tag":[],"class_list":{"0":"post-46041","1":"product","2":"type-product","3":"status-publish","5":"product_cat-aneis-solitario-ouro","7":"first","8":"instock","9":"shipping-taxable","10":"purchasable","11":"product-type-simple"},"_links":{"self":[{"href":"https:\/\/estiloromano.smartjoias.com.br\/escolhas\/wp-json\/wp\/v2\/product\/46041","targetHints":{"allow":["GET"]}}],"collection":[{"href":"https:\/\/estiloromano.smartjoias.com.br\/escolhas\/wp-json\/wp\/v2\/product"}],"about":[{"href":"https:\/\/estiloromano.smartjoias.com.br\/escolhas\/wp-json\/wp\/v2\/types\/product"}],"wp:attachment":[{"href":"https:\/\/estiloromano.smartjoias.com.br\/escolhas\/wp-json\/wp\/v2\/media?parent=46041"}],"wp:term":[{"taxonomy":"product_cat","embeddable":true,"href":"https:\/\/estiloromano.smartjoias.com.br\/escolhas\/wp-json\/wp\/v2\/product_cat?post=46041"},{"taxonomy":"product_tag","embeddable":true,"href":"https:\/\/estiloromano.smartjoias.com.br\/escolhas\/wp-json\/wp\/v2\/product_tag?post=46041"}],"curies":[{"name":"wp","href":"https:\/\/api.w.org\/{rel}","templated":true}]}}