{"id":46120,"date":"2023-08-27T11:46:36","date_gmt":"2023-08-27T14:46:36","guid":{"rendered":"https:\/\/estiloromano.smartjoias.com.br\/escolhas\/shop\/sem categoria\/pulseira-de-5-coracoes-infantil-banhado-a-ouro\/"},"modified":"2023-12-04T13:32:50","modified_gmt":"2023-12-04T16:32:50","slug":"pulseira-de-5-coracoes-infantil-banhado-a-ouro","status":"publish","type":"product","link":"https:\/\/estiloromano.smartjoias.com.br\/escolhas\/shop\/pulseiras-infantis-ouro\/pulseira-de-5-coracoes-infantil-banhado-a-ouro\/","title":{"rendered":"Pulseira de 5 Cora\u00e7\u00f5es Infantil &#8211; Banhado a Ouro"},"content":{"rendered":"<p>Pulseira de 5 Cora\u00e7\u00f5es Infantil &#8211; Banhado a Ouro<\/p>\n","protected":false},"excerpt":{"rendered":"<p>Pulseira de 5 Cora\u00e7\u00f5es Infantil &#8211; Banhado a Ouro<\/p>\n","protected":false},"featured_media":0,"template":"","meta":[],"product_cat":[2754],"product_tag":[],"class_list":{"0":"post-46120","1":"product","2":"type-product","3":"status-publish","5":"product_cat-pulseiras-infantis-ouro","7":"first","8":"instock","9":"shipping-taxable","10":"purchasable","11":"product-type-simple"},"_links":{"self":[{"href":"https:\/\/estiloromano.smartjoias.com.br\/escolhas\/wp-json\/wp\/v2\/product\/46120","targetHints":{"allow":["GET"]}}],"collection":[{"href":"https:\/\/estiloromano.smartjoias.com.br\/escolhas\/wp-json\/wp\/v2\/product"}],"about":[{"href":"https:\/\/estiloromano.smartjoias.com.br\/escolhas\/wp-json\/wp\/v2\/types\/product"}],"wp:attachment":[{"href":"https:\/\/estiloromano.smartjoias.com.br\/escolhas\/wp-json\/wp\/v2\/media?parent=46120"}],"wp:term":[{"taxonomy":"product_cat","embeddable":true,"href":"https:\/\/estiloromano.smartjoias.com.br\/escolhas\/wp-json\/wp\/v2\/product_cat?post=46120"},{"taxonomy":"product_tag","embeddable":true,"href":"https:\/\/estiloromano.smartjoias.com.br\/escolhas\/wp-json\/wp\/v2\/product_tag?post=46120"}],"curies":[{"name":"wp","href":"https:\/\/api.w.org\/{rel}","templated":true}]}}