{"id":46132,"date":"2023-08-27T11:46:50","date_gmt":"2023-08-27T14:46:50","guid":{"rendered":"https:\/\/estiloromano.smartjoias.com.br\/escolhas\/shop\/sem categoria\/colar-ponto-de-luz-coracao-7mm-banhado-a-ouro-22k\/"},"modified":"2023-12-04T13:33:21","modified_gmt":"2023-12-04T16:33:21","slug":"colar-ponto-de-luz-coracao-7mm-banhado-a-ouro-22k","status":"publish","type":"product","link":"https:\/\/estiloromano.smartjoias.com.br\/escolhas\/shop\/colares-coracao-ouro\/colar-ponto-de-luz-coracao-7mm-banhado-a-ouro-22k\/","title":{"rendered":"Colar Ponto de Luz Cora\u00e7\u00e3o &#8211; 7mm &#8211; Banhado a Ouro 22k"},"content":{"rendered":"<p>Colar Ponto de Luz Cora\u00e7\u00e3o &#8211; 7mm &#8211; Banhado a Ouro 22k<\/p>\n","protected":false},"excerpt":{"rendered":"<p>Colar Ponto de Luz Cora\u00e7\u00e3o &#8211; 7mm &#8211; Banhado a Ouro 22k<\/p>\n","protected":false},"featured_media":0,"template":"","meta":[],"product_cat":[2793],"product_tag":[],"class_list":{"0":"post-46132","1":"product","2":"type-product","3":"status-publish","5":"product_cat-colares-coracao-ouro","7":"first","8":"instock","9":"shipping-taxable","10":"purchasable","11":"product-type-simple"},"_links":{"self":[{"href":"https:\/\/estiloromano.smartjoias.com.br\/escolhas\/wp-json\/wp\/v2\/product\/46132","targetHints":{"allow":["GET"]}}],"collection":[{"href":"https:\/\/estiloromano.smartjoias.com.br\/escolhas\/wp-json\/wp\/v2\/product"}],"about":[{"href":"https:\/\/estiloromano.smartjoias.com.br\/escolhas\/wp-json\/wp\/v2\/types\/product"}],"wp:attachment":[{"href":"https:\/\/estiloromano.smartjoias.com.br\/escolhas\/wp-json\/wp\/v2\/media?parent=46132"}],"wp:term":[{"taxonomy":"product_cat","embeddable":true,"href":"https:\/\/estiloromano.smartjoias.com.br\/escolhas\/wp-json\/wp\/v2\/product_cat?post=46132"},{"taxonomy":"product_tag","embeddable":true,"href":"https:\/\/estiloromano.smartjoias.com.br\/escolhas\/wp-json\/wp\/v2\/product_tag?post=46132"}],"curies":[{"name":"wp","href":"https:\/\/api.w.org\/{rel}","templated":true}]}}