{"id":46143,"date":"2023-08-27T11:47:05","date_gmt":"2023-08-27T14:47:05","guid":{"rendered":"https:\/\/estiloromano.smartjoias.com.br\/escolhas\/shop\/sem categoria\/conjunto-gota-zirconia-cristal-banhado-a-rodio-branco\/"},"modified":"2023-12-04T13:33:48","modified_gmt":"2023-12-04T16:33:48","slug":"conjunto-gota-zirconia-cristal-banhado-a-rodio-branco","status":"publish","type":"product","link":"https:\/\/estiloromano.smartjoias.com.br\/escolhas\/shop\/conjuntos-rodio-branco\/conjunto-gota-zirconia-cristal-banhado-a-rodio-branco\/","title":{"rendered":"Conjunto Gota Zirc\u00f4nia Cristal &#8211; Banhado a R\u00f3dio Branco"},"content":{"rendered":"<p>Conjunto Gota Zirc\u00f4nia Cristal &#8211; Banhado a R\u00f3dio Branco<\/p>\n","protected":false},"excerpt":{"rendered":"<p>Conjunto Gota Zirc\u00f4nia Cristal &#8211; Banhado a R\u00f3dio Branco<\/p>\n","protected":false},"featured_media":0,"template":"","meta":[],"product_cat":[2771],"product_tag":[],"class_list":{"0":"post-46143","1":"product","2":"type-product","3":"status-publish","5":"product_cat-conjuntos-rodio-branco","7":"first","8":"instock","9":"shipping-taxable","10":"purchasable","11":"product-type-simple"},"_links":{"self":[{"href":"https:\/\/estiloromano.smartjoias.com.br\/escolhas\/wp-json\/wp\/v2\/product\/46143","targetHints":{"allow":["GET"]}}],"collection":[{"href":"https:\/\/estiloromano.smartjoias.com.br\/escolhas\/wp-json\/wp\/v2\/product"}],"about":[{"href":"https:\/\/estiloromano.smartjoias.com.br\/escolhas\/wp-json\/wp\/v2\/types\/product"}],"wp:attachment":[{"href":"https:\/\/estiloromano.smartjoias.com.br\/escolhas\/wp-json\/wp\/v2\/media?parent=46143"}],"wp:term":[{"taxonomy":"product_cat","embeddable":true,"href":"https:\/\/estiloromano.smartjoias.com.br\/escolhas\/wp-json\/wp\/v2\/product_cat?post=46143"},{"taxonomy":"product_tag","embeddable":true,"href":"https:\/\/estiloromano.smartjoias.com.br\/escolhas\/wp-json\/wp\/v2\/product_tag?post=46143"}],"curies":[{"name":"wp","href":"https:\/\/api.w.org\/{rel}","templated":true}]}}