{"id":46166,"date":"2023-08-27T11:47:34","date_gmt":"2023-08-27T14:47:34","guid":{"rendered":"https:\/\/estiloromano.smartjoias.com.br\/escolhas\/shop\/sem categoria\/brinco-coracao-zirconia-azul-banhado-a-rodio-branco\/"},"modified":"2023-12-04T13:34:45","modified_gmt":"2023-12-04T16:34:45","slug":"brinco-coracao-zirconia-azul-banhado-a-rodio-branco","status":"publish","type":"product","link":"https:\/\/estiloromano.smartjoias.com.br\/escolhas\/shop\/brincos-coracao-rodio-branco\/brinco-coracao-zirconia-azul-banhado-a-rodio-branco\/","title":{"rendered":"Brinco Cora\u00e7\u00e3o Zirc\u00f4nia Azul &#8211; Banhado a R\u00f3dio Branco"},"content":{"rendered":"<p>Brinco Cora\u00e7\u00e3o Zirc\u00f4nia Azul &#8211; Banhado a R\u00f3dio Branco<\/p>\n","protected":false},"excerpt":{"rendered":"<p>Brinco Cora\u00e7\u00e3o Zirc\u00f4nia Azul &#8211; Banhado a R\u00f3dio Branco<\/p>\n","protected":false},"featured_media":0,"template":"","meta":[],"product_cat":[2762],"product_tag":[],"class_list":{"0":"post-46166","1":"product","2":"type-product","3":"status-publish","5":"product_cat-brincos-coracao-rodio-branco","7":"first","8":"instock","9":"shipping-taxable","10":"purchasable","11":"product-type-simple"},"_links":{"self":[{"href":"https:\/\/estiloromano.smartjoias.com.br\/escolhas\/wp-json\/wp\/v2\/product\/46166","targetHints":{"allow":["GET"]}}],"collection":[{"href":"https:\/\/estiloromano.smartjoias.com.br\/escolhas\/wp-json\/wp\/v2\/product"}],"about":[{"href":"https:\/\/estiloromano.smartjoias.com.br\/escolhas\/wp-json\/wp\/v2\/types\/product"}],"wp:attachment":[{"href":"https:\/\/estiloromano.smartjoias.com.br\/escolhas\/wp-json\/wp\/v2\/media?parent=46166"}],"wp:term":[{"taxonomy":"product_cat","embeddable":true,"href":"https:\/\/estiloromano.smartjoias.com.br\/escolhas\/wp-json\/wp\/v2\/product_cat?post=46166"},{"taxonomy":"product_tag","embeddable":true,"href":"https:\/\/estiloromano.smartjoias.com.br\/escolhas\/wp-json\/wp\/v2\/product_tag?post=46166"}],"curies":[{"name":"wp","href":"https:\/\/api.w.org\/{rel}","templated":true}]}}