{"id":46216,"date":"2023-08-27T11:48:40","date_gmt":"2023-08-27T14:48:40","guid":{"rendered":"https:\/\/estiloromano.smartjoias.com.br\/escolhas\/shop\/sem categoria\/trava-dupla-corrente-com-coracao-pendente-banhado-a-ouro-22k\/"},"modified":"2023-11-22T16:33:47","modified_gmt":"2023-11-22T19:33:47","slug":"trava-dupla-corrente-com-coracao-pendente-banhado-a-ouro-22k","status":"publish","type":"product","link":"https:\/\/estiloromano.smartjoias.com.br\/escolhas\/shop\/berloques\/trava-dupla-corrente-com-coracao-pendente-banhado-a-ouro-22k\/","title":{"rendered":"Trava Dupla Corrente com Cora\u00e7\u00e3o Pendente &#8211; Banhado a Ouro 22k"},"content":{"rendered":"<p>Trava Dupla Corrente com Cora\u00e7\u00e3o Pendente &#8211; Banhado a Ouro 22k<\/p>\n","protected":false},"excerpt":{"rendered":"<p>Trava Dupla Corrente com Cora\u00e7\u00e3o Pendente &#8211; Banhado a Ouro 22k<\/p>\n","protected":false},"featured_media":0,"template":"","meta":[],"product_cat":[2783],"product_tag":[],"class_list":{"0":"post-46216","1":"product","2":"type-product","3":"status-publish","5":"product_cat-berloques","7":"first","8":"instock","9":"shipping-taxable","10":"purchasable","11":"product-type-simple"},"_links":{"self":[{"href":"https:\/\/estiloromano.smartjoias.com.br\/escolhas\/wp-json\/wp\/v2\/product\/46216","targetHints":{"allow":["GET"]}}],"collection":[{"href":"https:\/\/estiloromano.smartjoias.com.br\/escolhas\/wp-json\/wp\/v2\/product"}],"about":[{"href":"https:\/\/estiloromano.smartjoias.com.br\/escolhas\/wp-json\/wp\/v2\/types\/product"}],"wp:attachment":[{"href":"https:\/\/estiloromano.smartjoias.com.br\/escolhas\/wp-json\/wp\/v2\/media?parent=46216"}],"wp:term":[{"taxonomy":"product_cat","embeddable":true,"href":"https:\/\/estiloromano.smartjoias.com.br\/escolhas\/wp-json\/wp\/v2\/product_cat?post=46216"},{"taxonomy":"product_tag","embeddable":true,"href":"https:\/\/estiloromano.smartjoias.com.br\/escolhas\/wp-json\/wp\/v2\/product_tag?post=46216"}],"curies":[{"name":"wp","href":"https:\/\/api.w.org\/{rel}","templated":true}]}}