{"id":46219,"date":"2023-08-27T11:48:43","date_gmt":"2023-08-27T14:48:43","guid":{"rendered":"https:\/\/estiloromano.smartjoias.com.br\/escolhas\/shop\/sem categoria\/pulseira-coracao-deslizante-banhada-a-rodio\/"},"modified":"2023-11-22T16:33:55","modified_gmt":"2023-11-22T19:33:55","slug":"pulseira-coracao-deslizante-banhada-a-rodio","status":"publish","type":"product","link":"https:\/\/estiloromano.smartjoias.com.br\/escolhas\/shop\/pulseiras-de-coracao-rodio-branco\/pulseira-coracao-deslizante-banhada-a-rodio\/","title":{"rendered":"Pulseira Cora\u00e7\u00e3o Deslizante &#8211; Banhada a R\u00f3dio"},"content":{"rendered":"<p>Pulseira Cora\u00e7\u00e3o Deslizante &#8211; Banhada a R\u00f3dio<\/p>\n","protected":false},"excerpt":{"rendered":"<p>Pulseira Cora\u00e7\u00e3o Deslizante &#8211; Banhada a R\u00f3dio<\/p>\n","protected":false},"featured_media":0,"template":"","meta":[],"product_cat":[2692],"product_tag":[],"class_list":{"0":"post-46219","1":"product","2":"type-product","3":"status-publish","5":"product_cat-pulseiras-de-coracao-rodio-branco","7":"first","8":"instock","9":"shipping-taxable","10":"purchasable","11":"product-type-simple"},"_links":{"self":[{"href":"https:\/\/estiloromano.smartjoias.com.br\/escolhas\/wp-json\/wp\/v2\/product\/46219","targetHints":{"allow":["GET"]}}],"collection":[{"href":"https:\/\/estiloromano.smartjoias.com.br\/escolhas\/wp-json\/wp\/v2\/product"}],"about":[{"href":"https:\/\/estiloromano.smartjoias.com.br\/escolhas\/wp-json\/wp\/v2\/types\/product"}],"wp:attachment":[{"href":"https:\/\/estiloromano.smartjoias.com.br\/escolhas\/wp-json\/wp\/v2\/media?parent=46219"}],"wp:term":[{"taxonomy":"product_cat","embeddable":true,"href":"https:\/\/estiloromano.smartjoias.com.br\/escolhas\/wp-json\/wp\/v2\/product_cat?post=46219"},{"taxonomy":"product_tag","embeddable":true,"href":"https:\/\/estiloromano.smartjoias.com.br\/escolhas\/wp-json\/wp\/v2\/product_tag?post=46219"}],"curies":[{"name":"wp","href":"https:\/\/api.w.org\/{rel}","templated":true}]}}