{"id":46255,"date":"2023-08-27T11:49:31","date_gmt":"2023-08-27T14:49:31","guid":{"rendered":"https:\/\/estiloromano.smartjoias.com.br\/escolhas\/shop\/sem categoria\/colar-medalha-de-sao-bento-lado-unico-25mm-banhado-a-rodio-branco-corrodio-brancotamanho45cm\/"},"modified":"2023-11-22T16:35:31","modified_gmt":"2023-11-22T19:35:31","slug":"colar-medalha-de-sao-bento-lado-unico-25mm-banhado-a-rodio-branco-corrodio-brancotamanho45cm","status":"publish","type":"product","link":"https:\/\/estiloromano.smartjoias.com.br\/escolhas\/shop\/colars-religiosos-rodio-branco\/colar-medalha-de-sao-bento-lado-unico-25mm-banhado-a-rodio-branco-corrodio-brancotamanho45cm\/","title":{"rendered":"Colar Medalha de S\u00e3o Bento &#8211; Lado \u00danico 25mm &#8211; Banhado a R\u00f3dio Branco Cor:R\u00f3dio Branco;Tamanho:45cm"},"content":{"rendered":"<p>Colar Medalha de S\u00e3o Bento &#8211; Lado \u00danico 25mm &#8211; Banhado a R\u00f3dio Branco Cor:R\u00f3dio Branco;Tamanho:45cm<\/p>\n","protected":false},"excerpt":{"rendered":"<p>Colar Medalha de S\u00e3o Bento &#8211; Lado \u00danico 25mm &#8211; Banhado a R\u00f3dio Branco Cor:R\u00f3dio Branco;Tamanho:45cm<\/p>\n","protected":false},"featured_media":0,"template":"","meta":[],"product_cat":[2769],"product_tag":[],"class_list":{"0":"post-46255","1":"product","2":"type-product","3":"status-publish","5":"product_cat-colars-religiosos-rodio-branco","7":"first","8":"instock","9":"shipping-taxable","10":"purchasable","11":"product-type-simple"},"_links":{"self":[{"href":"https:\/\/estiloromano.smartjoias.com.br\/escolhas\/wp-json\/wp\/v2\/product\/46255","targetHints":{"allow":["GET"]}}],"collection":[{"href":"https:\/\/estiloromano.smartjoias.com.br\/escolhas\/wp-json\/wp\/v2\/product"}],"about":[{"href":"https:\/\/estiloromano.smartjoias.com.br\/escolhas\/wp-json\/wp\/v2\/types\/product"}],"wp:attachment":[{"href":"https:\/\/estiloromano.smartjoias.com.br\/escolhas\/wp-json\/wp\/v2\/media?parent=46255"}],"wp:term":[{"taxonomy":"product_cat","embeddable":true,"href":"https:\/\/estiloromano.smartjoias.com.br\/escolhas\/wp-json\/wp\/v2\/product_cat?post=46255"},{"taxonomy":"product_tag","embeddable":true,"href":"https:\/\/estiloromano.smartjoias.com.br\/escolhas\/wp-json\/wp\/v2\/product_tag?post=46255"}],"curies":[{"name":"wp","href":"https:\/\/api.w.org\/{rel}","templated":true}]}}