{"id":46259,"date":"2023-08-27T11:49:36","date_gmt":"2023-08-27T14:49:36","guid":{"rendered":"https:\/\/estiloromano.smartjoias.com.br\/escolhas\/shop\/sem categoria\/piercing-argolinha-torcao-liso-em-aco\/"},"modified":"2023-11-22T16:35:42","modified_gmt":"2023-11-22T19:35:42","slug":"piercing-argolinha-torcao-liso-em-aco","status":"publish","type":"product","link":"https:\/\/estiloromano.smartjoias.com.br\/escolhas\/shop\/aba-nostril\/piercing-argolinha-torcao-liso-em-aco\/","title":{"rendered":"Piercing Argolinha Tor\u00e7\u00e3o Liso em A\u00e7o"},"content":{"rendered":"<p>Piercing Argolinha Tor\u00e7\u00e3o Liso em A\u00e7o<\/p>\n","protected":false},"excerpt":{"rendered":"<p>Piercing Argolinha Tor\u00e7\u00e3o Liso em A\u00e7o<\/p>\n","protected":false},"featured_media":0,"template":"","meta":[],"product_cat":[2726],"product_tag":[],"class_list":{"0":"post-46259","1":"product","2":"type-product","3":"status-publish","5":"product_cat-aba-nostril","7":"first","8":"instock","9":"shipping-taxable","10":"purchasable","11":"product-type-simple"},"_links":{"self":[{"href":"https:\/\/estiloromano.smartjoias.com.br\/escolhas\/wp-json\/wp\/v2\/product\/46259","targetHints":{"allow":["GET"]}}],"collection":[{"href":"https:\/\/estiloromano.smartjoias.com.br\/escolhas\/wp-json\/wp\/v2\/product"}],"about":[{"href":"https:\/\/estiloromano.smartjoias.com.br\/escolhas\/wp-json\/wp\/v2\/types\/product"}],"wp:attachment":[{"href":"https:\/\/estiloromano.smartjoias.com.br\/escolhas\/wp-json\/wp\/v2\/media?parent=46259"}],"wp:term":[{"taxonomy":"product_cat","embeddable":true,"href":"https:\/\/estiloromano.smartjoias.com.br\/escolhas\/wp-json\/wp\/v2\/product_cat?post=46259"},{"taxonomy":"product_tag","embeddable":true,"href":"https:\/\/estiloromano.smartjoias.com.br\/escolhas\/wp-json\/wp\/v2\/product_tag?post=46259"}],"curies":[{"name":"wp","href":"https:\/\/api.w.org\/{rel}","templated":true}]}}