{"id":46273,"date":"2023-08-27T11:49:55","date_gmt":"2023-08-27T14:49:55","guid":{"rendered":"https:\/\/estiloromano.smartjoias.com.br\/escolhas\/shop\/sem categoria\/piercing-zirconias-navetes-curvado-em-aco-banhado-a-ouro\/"},"modified":"2023-11-22T16:36:18","modified_gmt":"2023-11-22T19:36:18","slug":"piercing-zirconias-navetes-curvado-em-aco-banhado-a-ouro","status":"publish","type":"product","link":"https:\/\/estiloromano.smartjoias.com.br\/escolhas\/shop\/anti-helix\/piercing-zirconias-navetes-curvado-em-aco-banhado-a-ouro\/","title":{"rendered":"Piercing Zirc\u00f4nias Navetes Curvado em A\u00e7o Banhado a Ouro"},"content":{"rendered":"<p>Piercing Zirc\u00f4nias Navetes Curvado em A\u00e7o Banhado a Ouro<\/p>\n","protected":false},"excerpt":{"rendered":"<p>Piercing Zirc\u00f4nias Navetes Curvado em A\u00e7o Banhado a Ouro<\/p>\n","protected":false},"featured_media":0,"template":"","meta":[],"product_cat":[2723],"product_tag":[],"class_list":{"0":"post-46273","1":"product","2":"type-product","3":"status-publish","5":"product_cat-anti-helix","7":"first","8":"instock","9":"shipping-taxable","10":"purchasable","11":"product-type-simple"},"_links":{"self":[{"href":"https:\/\/estiloromano.smartjoias.com.br\/escolhas\/wp-json\/wp\/v2\/product\/46273","targetHints":{"allow":["GET"]}}],"collection":[{"href":"https:\/\/estiloromano.smartjoias.com.br\/escolhas\/wp-json\/wp\/v2\/product"}],"about":[{"href":"https:\/\/estiloromano.smartjoias.com.br\/escolhas\/wp-json\/wp\/v2\/types\/product"}],"wp:attachment":[{"href":"https:\/\/estiloromano.smartjoias.com.br\/escolhas\/wp-json\/wp\/v2\/media?parent=46273"}],"wp:term":[{"taxonomy":"product_cat","embeddable":true,"href":"https:\/\/estiloromano.smartjoias.com.br\/escolhas\/wp-json\/wp\/v2\/product_cat?post=46273"},{"taxonomy":"product_tag","embeddable":true,"href":"https:\/\/estiloromano.smartjoias.com.br\/escolhas\/wp-json\/wp\/v2\/product_tag?post=46273"}],"curies":[{"name":"wp","href":"https:\/\/api.w.org\/{rel}","templated":true}]}}