{"id":46284,"date":"2023-08-27T11:50:20","date_gmt":"2023-08-27T14:50:20","guid":{"rendered":"https:\/\/estiloromano.smartjoias.com.br\/escolhas\/shop\/sem categoria\/anel-meia-alianca-com-zirconias-coloridas-tamanho18\/"},"modified":"2023-11-22T16:36:48","modified_gmt":"2023-11-22T19:36:48","slug":"anel-meia-alianca-com-zirconias-coloridas-tamanho18","status":"publish","type":"product","link":"https:\/\/estiloromano.smartjoias.com.br\/escolhas\/shop\/meia-alianca-ouro\/anel-meia-alianca-com-zirconias-coloridas-tamanho18\/","title":{"rendered":"Anel Meia Alian\u00e7a com Zirc\u00f4nias Coloridas Tamanho:18"},"content":{"rendered":"<p>Anel Meia Alian\u00e7a com Zirc\u00f4nias Coloridas Tamanho:18<\/p>\n","protected":false},"excerpt":{"rendered":"<p>Anel Meia Alian\u00e7a com Zirc\u00f4nias Coloridas Tamanho:18<\/p>\n","protected":false},"featured_media":0,"template":"","meta":[],"product_cat":[2812],"product_tag":[],"class_list":{"0":"post-46284","1":"product","2":"type-product","3":"status-publish","5":"product_cat-meia-alianca-ouro","7":"first","8":"instock","9":"shipping-taxable","10":"purchasable","11":"product-type-simple"},"fifu_image_url":"https:\/\/orgbling.s3.amazonaws.com\/25e28644d5bc765187a98d9415eab57d\/f617032d6c27b80dc3a3f4892064325c?AWSAccessKeyId=AKIATCLMSGFX4J7TU445&Expires=1701286470&Signature=S3fdmXUu7NGapfCZSRCCP0H%2FSog%3D","_links":{"self":[{"href":"https:\/\/estiloromano.smartjoias.com.br\/escolhas\/wp-json\/wp\/v2\/product\/46284","targetHints":{"allow":["GET"]}}],"collection":[{"href":"https:\/\/estiloromano.smartjoias.com.br\/escolhas\/wp-json\/wp\/v2\/product"}],"about":[{"href":"https:\/\/estiloromano.smartjoias.com.br\/escolhas\/wp-json\/wp\/v2\/types\/product"}],"wp:attachment":[{"href":"https:\/\/estiloromano.smartjoias.com.br\/escolhas\/wp-json\/wp\/v2\/media?parent=46284"}],"wp:term":[{"taxonomy":"product_cat","embeddable":true,"href":"https:\/\/estiloromano.smartjoias.com.br\/escolhas\/wp-json\/wp\/v2\/product_cat?post=46284"},{"taxonomy":"product_tag","embeddable":true,"href":"https:\/\/estiloromano.smartjoias.com.br\/escolhas\/wp-json\/wp\/v2\/product_tag?post=46284"}],"curies":[{"name":"wp","href":"https:\/\/api.w.org\/{rel}","templated":true}]}}