{"id":46298,"date":"2023-08-27T11:50:45","date_gmt":"2023-08-27T14:50:45","guid":{"rendered":"https:\/\/estiloromano.smartjoias.com.br\/escolhas\/shop\/sem categoria\/anel-solitario-com-zirconias-ao-lado-banhado-a-ouro-tamanho17\/"},"modified":"2023-11-22T16:37:24","modified_gmt":"2023-11-22T19:37:24","slug":"anel-solitario-com-zirconias-ao-lado-banhado-a-ouro-tamanho17","status":"publish","type":"product","link":"https:\/\/estiloromano.smartjoias.com.br\/escolhas\/shop\/aneis-solitario-ouro\/anel-solitario-com-zirconias-ao-lado-banhado-a-ouro-tamanho17\/","title":{"rendered":"Anel Solit\u00e1rio com Zirc\u00f4nias Ao Lado &#8211; Banhado a Ouro Tamanho:17"},"content":{"rendered":"<p>Anel Solit\u00e1rio com Zirc\u00f4nias Ao Lado &#8211; Banhado a Ouro Tamanho:17<\/p>\n","protected":false},"excerpt":{"rendered":"<p>Anel Solit\u00e1rio com Zirc\u00f4nias Ao Lado &#8211; Banhado a Ouro Tamanho:17<\/p>\n","protected":false},"featured_media":0,"template":"","meta":[],"product_cat":[2811],"product_tag":[],"class_list":{"0":"post-46298","1":"product","2":"type-product","3":"status-publish","5":"product_cat-aneis-solitario-ouro","7":"first","8":"instock","9":"shipping-taxable","10":"purchasable","11":"product-type-simple"},"fifu_image_url":"https:\/\/orgbling.s3.amazonaws.com\/25e28644d5bc765187a98d9415eab57d\/5e57f1096bb46d40e839dff52b9f1381?AWSAccessKeyId=AKIATCLMSGFX4J7TU445&Expires=1701286470&Signature=yfSRtlhEVPu4HzSP8WeMV%2BX%2F%2BHo%3D","_links":{"self":[{"href":"https:\/\/estiloromano.smartjoias.com.br\/escolhas\/wp-json\/wp\/v2\/product\/46298","targetHints":{"allow":["GET"]}}],"collection":[{"href":"https:\/\/estiloromano.smartjoias.com.br\/escolhas\/wp-json\/wp\/v2\/product"}],"about":[{"href":"https:\/\/estiloromano.smartjoias.com.br\/escolhas\/wp-json\/wp\/v2\/types\/product"}],"wp:attachment":[{"href":"https:\/\/estiloromano.smartjoias.com.br\/escolhas\/wp-json\/wp\/v2\/media?parent=46298"}],"wp:term":[{"taxonomy":"product_cat","embeddable":true,"href":"https:\/\/estiloromano.smartjoias.com.br\/escolhas\/wp-json\/wp\/v2\/product_cat?post=46298"},{"taxonomy":"product_tag","embeddable":true,"href":"https:\/\/estiloromano.smartjoias.com.br\/escolhas\/wp-json\/wp\/v2\/product_tag?post=46298"}],"curies":[{"name":"wp","href":"https:\/\/api.w.org\/{rel}","templated":true}]}}