{"id":46332,"date":"2023-08-27T11:51:38","date_gmt":"2023-08-27T14:51:38","guid":{"rendered":"https:\/\/estiloromano.smartjoias.com.br\/escolhas\/shop\/sem categoria\/piercing-reto-raio-com-zirconia-em-aco\/"},"modified":"2023-11-09T21:33:32","modified_gmt":"2023-11-10T00:33:32","slug":"piercing-reto-raio-com-zirconia-em-aco","status":"publish","type":"product","link":"https:\/\/estiloromano.smartjoias.com.br\/escolhas\/shop\/\/tragus\/piercing-reto-raio-com-zirconia-em-aco\/","title":{"rendered":"Piercing Reto Raio com Zirc\u00f4nia em A\u00e7o"},"content":{"rendered":"<p>Piercing Reto Raio com Zirc\u00f4nia em A\u00e7o<\/p>\n","protected":false},"excerpt":{"rendered":"<p>Piercing Reto Raio com Zirc\u00f4nia em A\u00e7o<\/p>\n","protected":false},"featured_media":0,"template":"","meta":[],"product_cat":[825],"product_tag":[],"class_list":{"0":"post-46332","1":"product","2":"type-product","3":"status-publish","5":"product_cat-tragus","7":"first","8":"instock","9":"shipping-taxable","10":"purchasable","11":"product-type-simple"},"_links":{"self":[{"href":"https:\/\/estiloromano.smartjoias.com.br\/escolhas\/wp-json\/wp\/v2\/product\/46332","targetHints":{"allow":["GET"]}}],"collection":[{"href":"https:\/\/estiloromano.smartjoias.com.br\/escolhas\/wp-json\/wp\/v2\/product"}],"about":[{"href":"https:\/\/estiloromano.smartjoias.com.br\/escolhas\/wp-json\/wp\/v2\/types\/product"}],"wp:attachment":[{"href":"https:\/\/estiloromano.smartjoias.com.br\/escolhas\/wp-json\/wp\/v2\/media?parent=46332"}],"wp:term":[{"taxonomy":"product_cat","embeddable":true,"href":"https:\/\/estiloromano.smartjoias.com.br\/escolhas\/wp-json\/wp\/v2\/product_cat?post=46332"},{"taxonomy":"product_tag","embeddable":true,"href":"https:\/\/estiloromano.smartjoias.com.br\/escolhas\/wp-json\/wp\/v2\/product_tag?post=46332"}],"curies":[{"name":"wp","href":"https:\/\/api.w.org\/{rel}","templated":true}]}}