{"id":46333,"date":"2023-08-27T11:51:39","date_gmt":"2023-08-27T14:51:39","guid":{"rendered":"https:\/\/estiloromano.smartjoias.com.br\/escolhas\/shop\/sem categoria\/piercing-reto-raio-com-zirconia-em-aco-banhado-a-ouro\/"},"modified":"2023-11-03T09:59:35","modified_gmt":"2023-11-03T12:59:35","slug":"piercing-reto-raio-com-zirconia-em-aco-banhado-a-ouro","status":"publish","type":"product","link":"https:\/\/estiloromano.smartjoias.com.br\/escolhas\/shop\/\/tragus\/piercing-reto-raio-com-zirconia-em-aco-banhado-a-ouro\/","title":{"rendered":"Piercing Reto Raio com Zirc\u00f4nia em A\u00e7o Banhado a Ouro"},"content":{"rendered":"<p>Piercing Reto Raio com Zirc\u00f4nia em A\u00e7o Banhado a Ouro<\/p>\n","protected":false},"excerpt":{"rendered":"<p>Piercing Reto Raio com Zirc\u00f4nia em A\u00e7o Banhado a Ouro<\/p>\n","protected":false},"featured_media":0,"template":"","meta":[],"product_cat":[825],"product_tag":[],"class_list":{"0":"post-46333","1":"product","2":"type-product","3":"status-publish","5":"product_cat-tragus","7":"first","8":"instock","9":"shipping-taxable","10":"purchasable","11":"product-type-simple"},"_links":{"self":[{"href":"https:\/\/estiloromano.smartjoias.com.br\/escolhas\/wp-json\/wp\/v2\/product\/46333","targetHints":{"allow":["GET"]}}],"collection":[{"href":"https:\/\/estiloromano.smartjoias.com.br\/escolhas\/wp-json\/wp\/v2\/product"}],"about":[{"href":"https:\/\/estiloromano.smartjoias.com.br\/escolhas\/wp-json\/wp\/v2\/types\/product"}],"wp:attachment":[{"href":"https:\/\/estiloromano.smartjoias.com.br\/escolhas\/wp-json\/wp\/v2\/media?parent=46333"}],"wp:term":[{"taxonomy":"product_cat","embeddable":true,"href":"https:\/\/estiloromano.smartjoias.com.br\/escolhas\/wp-json\/wp\/v2\/product_cat?post=46333"},{"taxonomy":"product_tag","embeddable":true,"href":"https:\/\/estiloromano.smartjoias.com.br\/escolhas\/wp-json\/wp\/v2\/product_tag?post=46333"}],"curies":[{"name":"wp","href":"https:\/\/api.w.org\/{rel}","templated":true}]}}