{"id":46347,"date":"2023-08-27T11:51:57","date_gmt":"2023-08-27T14:51:57","guid":{"rendered":"https:\/\/estiloromano.smartjoias.com.br\/escolhas\/shop\/sem categoria\/piercing-argolinha-cravejada-de-torcao-em-aco-banhado-a-ouro\/"},"modified":"2023-11-03T10:00:15","modified_gmt":"2023-11-03T13:00:15","slug":"piercing-argolinha-cravejada-de-torcao-em-aco-banhado-a-ouro","status":"publish","type":"product","link":"https:\/\/estiloromano.smartjoias.com.br\/escolhas\/shop\/anti-helix\/piercing-argolinha-cravejada-de-torcao-em-aco-banhado-a-ouro\/","title":{"rendered":"Piercing Argolinha Cravejada de Tor\u00e7\u00e3o em A\u00e7o Banhado a Ouro"},"content":{"rendered":"<p>Piercing Argolinha Cravejada de Tor\u00e7\u00e3o em A\u00e7o Banhado a Ouro<\/p>\n","protected":false},"excerpt":{"rendered":"<p>Piercing Argolinha Cravejada de Tor\u00e7\u00e3o em A\u00e7o Banhado a Ouro<\/p>\n","protected":false},"featured_media":0,"template":"","meta":[],"product_cat":[2723],"product_tag":[],"class_list":{"0":"post-46347","1":"product","2":"type-product","3":"status-publish","5":"product_cat-anti-helix","7":"first","8":"instock","9":"shipping-taxable","10":"purchasable","11":"product-type-simple"},"_links":{"self":[{"href":"https:\/\/estiloromano.smartjoias.com.br\/escolhas\/wp-json\/wp\/v2\/product\/46347","targetHints":{"allow":["GET"]}}],"collection":[{"href":"https:\/\/estiloromano.smartjoias.com.br\/escolhas\/wp-json\/wp\/v2\/product"}],"about":[{"href":"https:\/\/estiloromano.smartjoias.com.br\/escolhas\/wp-json\/wp\/v2\/types\/product"}],"wp:attachment":[{"href":"https:\/\/estiloromano.smartjoias.com.br\/escolhas\/wp-json\/wp\/v2\/media?parent=46347"}],"wp:term":[{"taxonomy":"product_cat","embeddable":true,"href":"https:\/\/estiloromano.smartjoias.com.br\/escolhas\/wp-json\/wp\/v2\/product_cat?post=46347"},{"taxonomy":"product_tag","embeddable":true,"href":"https:\/\/estiloromano.smartjoias.com.br\/escolhas\/wp-json\/wp\/v2\/product_tag?post=46347"}],"curies":[{"name":"wp","href":"https:\/\/api.w.org\/{rel}","templated":true}]}}